{"id":63835,"date":"2025-02-20T17:06:07","date_gmt":"2025-02-20T14:06:07","guid":{"rendered":"https:\/\/thestory.ee\/?post_type=product&#038;p=63835"},"modified":"2026-03-14T10:03:33","modified_gmt":"2026-03-14T07:03:33","slug":"novella-klassikaline-lugu","status":"publish","type":"product","link":"https:\/\/thestory.ee\/en\/product\/novella-klassikaline-lugu\/","title":{"rendered":"The Story Novella Classic"},"content":{"rendered":"<p data-start=\"15\" data-end=\"567\"><strong data-start=\"15\" data-end=\"40\">Novella Classic Story<\/strong> \u2013 avasta luksuslik <strong data-start=\"60\" data-end=\"76\">kohvinauding<\/strong> keskmiselt r\u00f6stitud <strong data-start=\"97\" data-end=\"120\">Novella kohviseguga<\/strong>, mis on valmistatud parimatest <strong data-start=\"152\" data-end=\"192\">L\u00f5una-Ameerika araabika kohviubadest<\/strong>. See segu toob esile tasakaalu <strong data-start=\"224\" data-end=\"248\">magusa, m\u00f5ru ja hapu<\/strong> vahel, luues kohvi, mis on <strong data-start=\"276\" data-end=\"291\">mitmek\u00fclgne<\/strong> ja nauditav igas vormis \u2013 olgu selleks <strong data-start=\"331\" data-end=\"382\">must kohv, espresso, cappuccino v\u00f5i caff\u00e9 latte<\/strong>. Puuviljane hapesus ja k\u00fcpsed marjanoodid lisavad igale s\u00f5\u00f5mule v\u00e4rskendust, samas kui \u00f5rn magusus ja meeldiv aroom j\u00e4\u00e4vad pikaks ajaks meenutama. <strong data-start=\"530\" data-end=\"545\">J\u00e4relmaitse<\/strong> on \u00f5rn ja meeldej\u00e4\u00e4v.<\/p>\n<p data-start=\"569\" data-end=\"694\">Ideaalne kasutamiseks <strong data-start=\"591\" data-end=\"610\">automaatmasinas<\/strong> ning 100% <strong data-start=\"621\" data-end=\"632\">Arabica<\/strong> kohvioad tagavad k\u00f5rge kvaliteedi ja rikkaliku maitseelamuse.<\/p>\n<p data-start=\"569\" data-end=\"694\">","protected":false},"excerpt":{"rendered":"<p>Novella Classic Story \u2013 avasta luksuslik kohvinauding keskmiselt r\u00f6stitud Novella kohviseguga, mis on valmistatud parimatest L\u00f5una-Ameerika araabika kohviubadest. See segu toob esile tasakaalu magusa, m\u00f5ru ja hapu vahel, luues kohvi, mis on mitmek\u00fclgne ja nauditav igas vormis \u2013 olgu selleks must kohv, espresso, cappuccino v\u00f5i caff\u00e9 latte. Puuviljane hapesus ja k\u00fcpsed marjanoodid lisavad igale s\u00f5\u00f5mule [&hellip;]<\/p>\n","protected":false},"featured_media":66311,"comment_status":"open","ping_status":"closed","template":"","meta":[],"product_brand":[],"product_cat":[28],"product_tag":[],"class_list":{"0":"post-63835","1":"product","2":"type-product","3":"status-publish","4":"has-post-thumbnail","6":"product_cat-novella-classic","8":"first","9":"instock","10":"shipping-taxable","11":"purchasable","12":"product-type-simple"},"yoast_head":"<!-- This site is optimized with the Yoast SEO plugin v27.3 - https:\/\/yoast.com\/product\/yoast-seo-wordpress\/ -->\n<title>The Story Novella Classic<\/title>\n<meta name=\"description\" content=\"Novella Classic Story on luksuslik keskmiselt r\u00f6stitud kohvisegu, mis on valmistatud L\u00f5una-Ameerika araabika kohviubadest. .\" \/>\n<meta name=\"robots\" content=\"index, follow, max-snippet:-1, max-image-preview:large, max-video-preview:-1\" \/>\n<link rel=\"canonical\" href=\"https:\/\/thestory.ee\/en\/product\/novella-klassikaline-lugu\/\" \/>\n<meta property=\"og:locale\" content=\"en_GB\" \/>\n<meta property=\"og:type\" content=\"article\" \/>\n<meta property=\"og:title\" content=\"The Story Novella Classic\" \/>\n<meta property=\"og:description\" content=\"Novella Classic Story on luksuslik keskmiselt r\u00f6stitud kohvisegu, mis on valmistatud L\u00f5una-Ameerika araabika kohviubadest. .\" \/>\n<meta property=\"og:url\" content=\"https:\/\/thestory.ee\/en\/product\/novella-klassikaline-lugu\/\" \/>\n<meta property=\"og:site_name\" content=\"ESTONIAN COFFEE ROASTERY O\u00dc\" \/>\n<meta property=\"article:modified_time\" content=\"2026-03-14T07:03:33+00:00\" \/>\n<meta property=\"og:image\" content=\"https:\/\/thestory.ee\/wp-content\/uploads\/2025\/02\/STORY--scaled.jpg\" \/>\n\t<meta property=\"og:image:width\" content=\"1707\" \/>\n\t<meta property=\"og:image:height\" content=\"2560\" \/>\n\t<meta property=\"og:image:type\" content=\"image\/jpeg\" \/>\n<meta name=\"twitter:card\" content=\"summary_large_image\" \/>\n<meta name=\"twitter:label1\" content=\"Estimated reading time\" \/>\n\t<meta name=\"twitter:data1\" content=\"1 minute\" \/>\n<script type=\"application\/ld+json\" class=\"yoast-schema-graph\">{\"@context\":\"https:\\\/\\\/schema.org\",\"@graph\":[{\"@type\":\"WebPage\",\"@id\":\"https:\\\/\\\/thestory.ee\\\/toode\\\/novella-klassikaline-lugu\\\/\",\"url\":\"https:\\\/\\\/thestory.ee\\\/toode\\\/novella-klassikaline-lugu\\\/\",\"name\":\"The Story Novella Classic\",\"isPartOf\":{\"@id\":\"https:\\\/\\\/thestory.ee\\\/#website\"},\"primaryImageOfPage\":{\"@id\":\"https:\\\/\\\/thestory.ee\\\/toode\\\/novella-klassikaline-lugu\\\/#primaryimage\"},\"image\":{\"@id\":\"https:\\\/\\\/thestory.ee\\\/toode\\\/novella-klassikaline-lugu\\\/#primaryimage\"},\"thumbnailUrl\":\"https:\\\/\\\/thestory.ee\\\/wp-content\\\/uploads\\\/2025\\\/02\\\/STORY--scaled.jpg\",\"datePublished\":\"2025-02-20T14:06:07+00:00\",\"dateModified\":\"2026-03-14T07:03:33+00:00\",\"description\":\"Novella Classic Story on luksuslik keskmiselt r\u00f6stitud kohvisegu, mis on valmistatud L\u00f5una-Ameerika araabika kohviubadest. .\",\"breadcrumb\":{\"@id\":\"https:\\\/\\\/thestory.ee\\\/toode\\\/novella-klassikaline-lugu\\\/#breadcrumb\"},\"inLanguage\":\"en-GB\",\"potentialAction\":[{\"@type\":\"ReadAction\",\"target\":[\"https:\\\/\\\/thestory.ee\\\/toode\\\/novella-klassikaline-lugu\\\/\"]}]},{\"@type\":\"ImageObject\",\"inLanguage\":\"en-GB\",\"@id\":\"https:\\\/\\\/thestory.ee\\\/toode\\\/novella-klassikaline-lugu\\\/#primaryimage\",\"url\":\"https:\\\/\\\/thestory.ee\\\/wp-content\\\/uploads\\\/2025\\\/02\\\/STORY--scaled.jpg\",\"contentUrl\":\"https:\\\/\\\/thestory.ee\\\/wp-content\\\/uploads\\\/2025\\\/02\\\/STORY--scaled.jpg\",\"width\":1707,\"height\":2560},{\"@type\":\"BreadcrumbList\",\"@id\":\"https:\\\/\\\/thestory.ee\\\/toode\\\/novella-klassikaline-lugu\\\/#breadcrumb\",\"itemListElement\":[{\"@type\":\"ListItem\",\"position\":1,\"name\":\"Avaleht\",\"item\":\"https:\\\/\\\/thestory.ee\\\/\"},{\"@type\":\"ListItem\",\"position\":2,\"name\":\"Pood\",\"item\":\"https:\\\/\\\/thestory.ee\\\/pood\\\/\"},{\"@type\":\"ListItem\",\"position\":3,\"name\":\"The Story Novella Classic\"}]},{\"@type\":\"WebSite\",\"@id\":\"https:\\\/\\\/thestory.ee\\\/#website\",\"url\":\"https:\\\/\\\/thestory.ee\\\/\",\"name\":\"Teema0\",\"description\":\"R\u00e4nnak rikkalikesse maitsetesse!\",\"publisher\":{\"@id\":\"https:\\\/\\\/thestory.ee\\\/#organization\"},\"potentialAction\":[{\"@type\":\"SearchAction\",\"target\":{\"@type\":\"EntryPoint\",\"urlTemplate\":\"https:\\\/\\\/thestory.ee\\\/?s={search_term_string}\"},\"query-input\":{\"@type\":\"PropertyValueSpecification\",\"valueRequired\":true,\"valueName\":\"search_term_string\"}}],\"inLanguage\":\"en-GB\"},{\"@type\":\"Organization\",\"@id\":\"https:\\\/\\\/thestory.ee\\\/#organization\",\"name\":\"ESTONIAN COFFEE ROASTERY O\u00dc\",\"url\":\"https:\\\/\\\/thestory.ee\\\/\",\"logo\":{\"@type\":\"ImageObject\",\"inLanguage\":\"en-GB\",\"@id\":\"https:\\\/\\\/thestory.ee\\\/#\\\/schema\\\/logo\\\/image\\\/\",\"url\":\"https:\\\/\\\/thestory.ee\\\/wp-content\\\/uploads\\\/2025\\\/02\\\/16372152_ESTONIAN-COFFEE-ROASTERY-OU_73499945_a_m.png\",\"contentUrl\":\"https:\\\/\\\/thestory.ee\\\/wp-content\\\/uploads\\\/2025\\\/02\\\/16372152_ESTONIAN-COFFEE-ROASTERY-OU_73499945_a_m.png\",\"width\":239,\"height\":239,\"caption\":\"ESTONIAN COFFEE ROASTERY O\u00dc\"},\"image\":{\"@id\":\"https:\\\/\\\/thestory.ee\\\/#\\\/schema\\\/logo\\\/image\\\/\"}}]}<\/script>\n<!-- \/ Yoast SEO plugin. -->","yoast_head_json":{"title":"The Story Novella Classic","description":"Novella Classic Story on luksuslik keskmiselt r\u00f6stitud kohvisegu, mis on valmistatud L\u00f5una-Ameerika araabika kohviubadest. .","robots":{"index":"index","follow":"follow","max-snippet":"max-snippet:-1","max-image-preview":"max-image-preview:large","max-video-preview":"max-video-preview:-1"},"canonical":"https:\/\/thestory.ee\/en\/product\/novella-klassikaline-lugu\/","og_locale":"en_GB","og_type":"article","og_title":"The Story Novella Classic","og_description":"Novella Classic Story on luksuslik keskmiselt r\u00f6stitud kohvisegu, mis on valmistatud L\u00f5una-Ameerika araabika kohviubadest. .","og_url":"https:\/\/thestory.ee\/en\/product\/novella-klassikaline-lugu\/","og_site_name":"ESTONIAN COFFEE ROASTERY O\u00dc","article_modified_time":"2026-03-14T07:03:33+00:00","og_image":[{"width":1707,"height":2560,"url":"https:\/\/thestory.ee\/wp-content\/uploads\/2025\/02\/STORY--scaled.jpg","type":"image\/jpeg"}],"twitter_card":"summary_large_image","twitter_misc":{"Estimated reading time":"1 minute"},"schema":{"@context":"https:\/\/schema.org","@graph":[{"@type":"WebPage","@id":"https:\/\/thestory.ee\/toode\/novella-klassikaline-lugu\/","url":"https:\/\/thestory.ee\/toode\/novella-klassikaline-lugu\/","name":"The Story Novella Classic","isPartOf":{"@id":"https:\/\/thestory.ee\/#website"},"primaryImageOfPage":{"@id":"https:\/\/thestory.ee\/toode\/novella-klassikaline-lugu\/#primaryimage"},"image":{"@id":"https:\/\/thestory.ee\/toode\/novella-klassikaline-lugu\/#primaryimage"},"thumbnailUrl":"https:\/\/thestory.ee\/wp-content\/uploads\/2025\/02\/STORY--scaled.jpg","datePublished":"2025-02-20T14:06:07+00:00","dateModified":"2026-03-14T07:03:33+00:00","description":"Novella Classic Story on luksuslik keskmiselt r\u00f6stitud kohvisegu, mis on valmistatud L\u00f5una-Ameerika araabika kohviubadest. .","breadcrumb":{"@id":"https:\/\/thestory.ee\/toode\/novella-klassikaline-lugu\/#breadcrumb"},"inLanguage":"en-GB","potentialAction":[{"@type":"ReadAction","target":["https:\/\/thestory.ee\/toode\/novella-klassikaline-lugu\/"]}]},{"@type":"ImageObject","inLanguage":"en-GB","@id":"https:\/\/thestory.ee\/toode\/novella-klassikaline-lugu\/#primaryimage","url":"https:\/\/thestory.ee\/wp-content\/uploads\/2025\/02\/STORY--scaled.jpg","contentUrl":"https:\/\/thestory.ee\/wp-content\/uploads\/2025\/02\/STORY--scaled.jpg","width":1707,"height":2560},{"@type":"BreadcrumbList","@id":"https:\/\/thestory.ee\/toode\/novella-klassikaline-lugu\/#breadcrumb","itemListElement":[{"@type":"ListItem","position":1,"name":"Avaleht","item":"https:\/\/thestory.ee\/"},{"@type":"ListItem","position":2,"name":"Pood","item":"https:\/\/thestory.ee\/pood\/"},{"@type":"ListItem","position":3,"name":"The Story Novella Classic"}]},{"@type":"WebSite","@id":"https:\/\/thestory.ee\/#website","url":"https:\/\/thestory.ee\/","name":"Teema0","description":"R\u00e4nnak rikkalikesse maitsetesse!","publisher":{"@id":"https:\/\/thestory.ee\/#organization"},"potentialAction":[{"@type":"SearchAction","target":{"@type":"EntryPoint","urlTemplate":"https:\/\/thestory.ee\/?s={search_term_string}"},"query-input":{"@type":"PropertyValueSpecification","valueRequired":true,"valueName":"search_term_string"}}],"inLanguage":"en-GB"},{"@type":"Organization","@id":"https:\/\/thestory.ee\/#organization","name":"ESTONIAN COFFEE ROASTERY O\u00dc","url":"https:\/\/thestory.ee\/","logo":{"@type":"ImageObject","inLanguage":"en-GB","@id":"https:\/\/thestory.ee\/#\/schema\/logo\/image\/","url":"https:\/\/thestory.ee\/wp-content\/uploads\/2025\/02\/16372152_ESTONIAN-COFFEE-ROASTERY-OU_73499945_a_m.png","contentUrl":"https:\/\/thestory.ee\/wp-content\/uploads\/2025\/02\/16372152_ESTONIAN-COFFEE-ROASTERY-OU_73499945_a_m.png","width":239,"height":239,"caption":"ESTONIAN COFFEE ROASTERY O\u00dc"},"image":{"@id":"https:\/\/thestory.ee\/#\/schema\/logo\/image\/"}}]}},"_links":{"self":[{"href":"https:\/\/thestory.ee\/en\/wp-json\/wp\/v2\/product\/63835","targetHints":{"allow":["GET"]}}],"collection":[{"href":"https:\/\/thestory.ee\/en\/wp-json\/wp\/v2\/product"}],"about":[{"href":"https:\/\/thestory.ee\/en\/wp-json\/wp\/v2\/types\/product"}],"replies":[{"embeddable":true,"href":"https:\/\/thestory.ee\/en\/wp-json\/wp\/v2\/comments?post=63835"}],"wp:featuredmedia":[{"embeddable":true,"href":"https:\/\/thestory.ee\/en\/wp-json\/wp\/v2\/media\/66311"}],"wp:attachment":[{"href":"https:\/\/thestory.ee\/en\/wp-json\/wp\/v2\/media?parent=63835"}],"wp:term":[{"taxonomy":"product_brand","embeddable":true,"href":"https:\/\/thestory.ee\/en\/wp-json\/wp\/v2\/product_brand?post=63835"},{"taxonomy":"product_cat","embeddable":true,"href":"https:\/\/thestory.ee\/en\/wp-json\/wp\/v2\/product_cat?post=63835"},{"taxonomy":"product_tag","embeddable":true,"href":"https:\/\/thestory.ee\/en\/wp-json\/wp\/v2\/product_tag?post=63835"}],"curies":[{"name":"wp","href":"https:\/\/api.w.org\/{rel}","templated":true}]}}