{"id":63838,"date":"2025-02-20T17:09:09","date_gmt":"2025-02-20T14:09:09","guid":{"rendered":"https:\/\/thestory.ee\/?post_type=product&#038;p=63838"},"modified":"2026-03-14T10:02:56","modified_gmt":"2026-03-14T07:02:56","slug":"novella-classic-story-jahvatatud","status":"publish","type":"product","link":"https:\/\/thestory.ee\/en\/product\/novella-classic-story-jahvatatud\/","title":{"rendered":"Novella Classic Story - Ground coffee"},"content":{"rendered":"<p data-start=\"21\" data-end=\"363\"><strong data-start=\"21\" data-end=\"46\">Novella Classic Story<\/strong> \u2013 avasta luksuslik <strong data-start=\"66\" data-end=\"82\">kohvinauding<\/strong> keskmise r\u00f6stiga <strong data-start=\"100\" data-end=\"123\">Novella kohviseguga<\/strong>, mis on valmistatud parimatest <strong data-start=\"155\" data-end=\"195\">L\u00f5una-Ameerika araabika kohviubadest<\/strong>. <strong data-start=\"197\" data-end=\"216\">Jahvatatud kohv<\/strong>, mis on <strong data-start=\"225\" data-end=\"255\">perfektne presskannu jaoks<\/strong>, tagab t\u00e4iusliku tasakaalu <strong data-start=\"283\" data-end=\"307\">magusa, m\u00f5ru ja hapu<\/strong> vahel, muutes selle <strong data-start=\"328\" data-end=\"360\">mitmek\u00fclgseks ja nauditavaks<\/strong>.<\/p>\n<p data-start=\"365\" data-end=\"682\">See segu sobib ideaalselt <strong data-start=\"391\" data-end=\"425\">klassikaliseks mustaks kohviks<\/strong>, mahedaks <strong data-start=\"436\" data-end=\"450\">espressoks<\/strong> v\u00f5i t\u00e4iuslikuks <strong data-start=\"467\" data-end=\"502\">cappuccino&#8217;ks ja caff\u00e9 latte&#8217;ks<\/strong>. <strong data-start=\"504\" data-end=\"526\">Puuviljane hapesus<\/strong> toob igasse s\u00f5\u00f5mu v\u00e4rskust, samal ajal kui <strong data-start=\"570\" data-end=\"611\">k\u00fcpsete marjade noodid ja \u00f5rn magusus<\/strong> loovad meeldiva puhta aroomi. <strong data-start=\"642\" data-end=\"657\">J\u00e4relmaitse<\/strong> on h\u00f5rk ja meeldej\u00e4\u00e4v.<\/p>\n<p data-start=\"684\" data-end=\"822\"><strong data-start=\"684\" data-end=\"740\">Ideaalne kasutamiseks automaatmasinas ja presskannus<\/strong>, 100% <strong data-start=\"747\" data-end=\"758\">Arabica<\/strong> kohvioad tagavad k\u00f5rge kvaliteedi ja rikkaliku maitseelamuse.<\/p>\n<p data-start=\"824\" data-end=\"852\"><strong data-start=\"824\" data-end=\"845\">Pakendi netomaht:<\/strong> 500g<\/p>","protected":false},"excerpt":{"rendered":"<p>Novella Classic Story \u2013 avasta luksuslik kohvinauding keskmise r\u00f6stiga Novella kohviseguga, mis on valmistatud parimatest L\u00f5una-Ameerika araabika kohviubadest. Jahvatatud kohv, mis on perfektne presskannu jaoks, tagab t\u00e4iusliku tasakaalu magusa, m\u00f5ru ja hapu vahel, muutes selle mitmek\u00fclgseks ja nauditavaks. See segu sobib ideaalselt klassikaliseks mustaks kohviks, mahedaks espressoks v\u00f5i t\u00e4iuslikuks cappuccino&#8217;ks ja caff\u00e9 latte&#8217;ks. Puuviljane hapesus [&hellip;]<\/p>\n","protected":false},"featured_media":63841,"comment_status":"open","ping_status":"closed","template":"","meta":[],"product_brand":[],"product_cat":[28],"product_tag":[],"class_list":{"0":"post-63838","1":"product","2":"type-product","3":"status-publish","4":"has-post-thumbnail","6":"product_cat-novella-classic","8":"first","9":"instock","10":"shipping-taxable","11":"purchasable","12":"product-type-simple"},"yoast_head":"<!-- This site is optimized with the Yoast SEO plugin v27.3 - https:\/\/yoast.com\/product\/yoast-seo-wordpress\/ -->\n<title>Novella Classic Story \u2013 Jahvatatud<\/title>\n<meta name=\"description\" content=\"Keskmise r\u00f6stiga jahvatatud kohv, ideaalne presskannu jaoks. Naudi tasakaalustatud maitset ja rikkalikku aroomi igas tassit\u00e4ies.\" \/>\n<meta name=\"robots\" content=\"index, follow, max-snippet:-1, max-image-preview:large, max-video-preview:-1\" \/>\n<link rel=\"canonical\" href=\"https:\/\/thestory.ee\/en\/product\/novella-classic-story-jahvatatud\/\" \/>\n<meta property=\"og:locale\" content=\"en_GB\" \/>\n<meta property=\"og:type\" content=\"article\" \/>\n<meta property=\"og:title\" content=\"Novella Classic Story \u2013 Jahvatatud\" \/>\n<meta property=\"og:description\" content=\"Keskmise r\u00f6stiga jahvatatud kohv, ideaalne presskannu jaoks. Naudi tasakaalustatud maitset ja rikkalikku aroomi igas tassit\u00e4ies.\" \/>\n<meta property=\"og:url\" content=\"https:\/\/thestory.ee\/en\/product\/novella-classic-story-jahvatatud\/\" \/>\n<meta property=\"og:site_name\" content=\"ESTONIAN COFFEE ROASTERY O\u00dc\" \/>\n<meta property=\"article:modified_time\" content=\"2026-03-14T07:02:56+00:00\" \/>\n<meta property=\"og:image\" content=\"https:\/\/thestory.ee\/wp-content\/uploads\/2025\/02\/Novella_500g_Esi_0A6B8860_uus.jpg\" \/>\n\t<meta property=\"og:image:width\" content=\"1946\" \/>\n\t<meta property=\"og:image:height\" content=\"1946\" \/>\n\t<meta property=\"og:image:type\" content=\"image\/jpeg\" \/>\n<meta name=\"twitter:card\" content=\"summary_large_image\" \/>\n<meta name=\"twitter:label1\" content=\"Estimated reading time\" \/>\n\t<meta name=\"twitter:data1\" content=\"1 minute\" \/>\n<script type=\"application\/ld+json\" class=\"yoast-schema-graph\">{\"@context\":\"https:\\\/\\\/schema.org\",\"@graph\":[{\"@type\":\"WebPage\",\"@id\":\"https:\\\/\\\/thestory.ee\\\/toode\\\/novella-classic-story-jahvatatud\\\/\",\"url\":\"https:\\\/\\\/thestory.ee\\\/toode\\\/novella-classic-story-jahvatatud\\\/\",\"name\":\"Novella Classic Story \u2013 Jahvatatud\",\"isPartOf\":{\"@id\":\"https:\\\/\\\/thestory.ee\\\/#website\"},\"primaryImageOfPage\":{\"@id\":\"https:\\\/\\\/thestory.ee\\\/toode\\\/novella-classic-story-jahvatatud\\\/#primaryimage\"},\"image\":{\"@id\":\"https:\\\/\\\/thestory.ee\\\/toode\\\/novella-classic-story-jahvatatud\\\/#primaryimage\"},\"thumbnailUrl\":\"https:\\\/\\\/thestory.ee\\\/wp-content\\\/uploads\\\/2025\\\/02\\\/Novella_500g_Esi_0A6B8860_uus.jpg\",\"datePublished\":\"2025-02-20T14:09:09+00:00\",\"dateModified\":\"2026-03-14T07:02:56+00:00\",\"description\":\"Keskmise r\u00f6stiga jahvatatud kohv, ideaalne presskannu jaoks. Naudi tasakaalustatud maitset ja rikkalikku aroomi igas tassit\u00e4ies.\",\"breadcrumb\":{\"@id\":\"https:\\\/\\\/thestory.ee\\\/toode\\\/novella-classic-story-jahvatatud\\\/#breadcrumb\"},\"inLanguage\":\"en-GB\",\"potentialAction\":[{\"@type\":\"ReadAction\",\"target\":[\"https:\\\/\\\/thestory.ee\\\/toode\\\/novella-classic-story-jahvatatud\\\/\"]}]},{\"@type\":\"ImageObject\",\"inLanguage\":\"en-GB\",\"@id\":\"https:\\\/\\\/thestory.ee\\\/toode\\\/novella-classic-story-jahvatatud\\\/#primaryimage\",\"url\":\"https:\\\/\\\/thestory.ee\\\/wp-content\\\/uploads\\\/2025\\\/02\\\/Novella_500g_Esi_0A6B8860_uus.jpg\",\"contentUrl\":\"https:\\\/\\\/thestory.ee\\\/wp-content\\\/uploads\\\/2025\\\/02\\\/Novella_500g_Esi_0A6B8860_uus.jpg\",\"width\":1946,\"height\":1946},{\"@type\":\"BreadcrumbList\",\"@id\":\"https:\\\/\\\/thestory.ee\\\/toode\\\/novella-classic-story-jahvatatud\\\/#breadcrumb\",\"itemListElement\":[{\"@type\":\"ListItem\",\"position\":1,\"name\":\"Avaleht\",\"item\":\"https:\\\/\\\/thestory.ee\\\/\"},{\"@type\":\"ListItem\",\"position\":2,\"name\":\"Pood\",\"item\":\"https:\\\/\\\/thestory.ee\\\/pood\\\/\"},{\"@type\":\"ListItem\",\"position\":3,\"name\":\"Novella Classic Story &#8211; Jahvatatud\"}]},{\"@type\":\"WebSite\",\"@id\":\"https:\\\/\\\/thestory.ee\\\/#website\",\"url\":\"https:\\\/\\\/thestory.ee\\\/\",\"name\":\"Teema0\",\"description\":\"R\u00e4nnak rikkalikesse maitsetesse!\",\"publisher\":{\"@id\":\"https:\\\/\\\/thestory.ee\\\/#organization\"},\"potentialAction\":[{\"@type\":\"SearchAction\",\"target\":{\"@type\":\"EntryPoint\",\"urlTemplate\":\"https:\\\/\\\/thestory.ee\\\/?s={search_term_string}\"},\"query-input\":{\"@type\":\"PropertyValueSpecification\",\"valueRequired\":true,\"valueName\":\"search_term_string\"}}],\"inLanguage\":\"en-GB\"},{\"@type\":\"Organization\",\"@id\":\"https:\\\/\\\/thestory.ee\\\/#organization\",\"name\":\"ESTONIAN COFFEE ROASTERY O\u00dc\",\"url\":\"https:\\\/\\\/thestory.ee\\\/\",\"logo\":{\"@type\":\"ImageObject\",\"inLanguage\":\"en-GB\",\"@id\":\"https:\\\/\\\/thestory.ee\\\/#\\\/schema\\\/logo\\\/image\\\/\",\"url\":\"https:\\\/\\\/thestory.ee\\\/wp-content\\\/uploads\\\/2025\\\/02\\\/16372152_ESTONIAN-COFFEE-ROASTERY-OU_73499945_a_m.png\",\"contentUrl\":\"https:\\\/\\\/thestory.ee\\\/wp-content\\\/uploads\\\/2025\\\/02\\\/16372152_ESTONIAN-COFFEE-ROASTERY-OU_73499945_a_m.png\",\"width\":239,\"height\":239,\"caption\":\"ESTONIAN COFFEE ROASTERY O\u00dc\"},\"image\":{\"@id\":\"https:\\\/\\\/thestory.ee\\\/#\\\/schema\\\/logo\\\/image\\\/\"}}]}<\/script>\n<!-- \/ Yoast SEO plugin. -->","yoast_head_json":{"title":"Novella Classic Story \u2013 Jahvatatud","description":"Keskmise r\u00f6stiga jahvatatud kohv, ideaalne presskannu jaoks. Naudi tasakaalustatud maitset ja rikkalikku aroomi igas tassit\u00e4ies.","robots":{"index":"index","follow":"follow","max-snippet":"max-snippet:-1","max-image-preview":"max-image-preview:large","max-video-preview":"max-video-preview:-1"},"canonical":"https:\/\/thestory.ee\/en\/product\/novella-classic-story-jahvatatud\/","og_locale":"en_GB","og_type":"article","og_title":"Novella Classic Story \u2013 Jahvatatud","og_description":"Keskmise r\u00f6stiga jahvatatud kohv, ideaalne presskannu jaoks. Naudi tasakaalustatud maitset ja rikkalikku aroomi igas tassit\u00e4ies.","og_url":"https:\/\/thestory.ee\/en\/product\/novella-classic-story-jahvatatud\/","og_site_name":"ESTONIAN COFFEE ROASTERY O\u00dc","article_modified_time":"2026-03-14T07:02:56+00:00","og_image":[{"width":1946,"height":1946,"url":"https:\/\/thestory.ee\/wp-content\/uploads\/2025\/02\/Novella_500g_Esi_0A6B8860_uus.jpg","type":"image\/jpeg"}],"twitter_card":"summary_large_image","twitter_misc":{"Estimated reading time":"1 minute"},"schema":{"@context":"https:\/\/schema.org","@graph":[{"@type":"WebPage","@id":"https:\/\/thestory.ee\/toode\/novella-classic-story-jahvatatud\/","url":"https:\/\/thestory.ee\/toode\/novella-classic-story-jahvatatud\/","name":"Novella Classic Story \u2013 Jahvatatud","isPartOf":{"@id":"https:\/\/thestory.ee\/#website"},"primaryImageOfPage":{"@id":"https:\/\/thestory.ee\/toode\/novella-classic-story-jahvatatud\/#primaryimage"},"image":{"@id":"https:\/\/thestory.ee\/toode\/novella-classic-story-jahvatatud\/#primaryimage"},"thumbnailUrl":"https:\/\/thestory.ee\/wp-content\/uploads\/2025\/02\/Novella_500g_Esi_0A6B8860_uus.jpg","datePublished":"2025-02-20T14:09:09+00:00","dateModified":"2026-03-14T07:02:56+00:00","description":"Keskmise r\u00f6stiga jahvatatud kohv, ideaalne presskannu jaoks. Naudi tasakaalustatud maitset ja rikkalikku aroomi igas tassit\u00e4ies.","breadcrumb":{"@id":"https:\/\/thestory.ee\/toode\/novella-classic-story-jahvatatud\/#breadcrumb"},"inLanguage":"en-GB","potentialAction":[{"@type":"ReadAction","target":["https:\/\/thestory.ee\/toode\/novella-classic-story-jahvatatud\/"]}]},{"@type":"ImageObject","inLanguage":"en-GB","@id":"https:\/\/thestory.ee\/toode\/novella-classic-story-jahvatatud\/#primaryimage","url":"https:\/\/thestory.ee\/wp-content\/uploads\/2025\/02\/Novella_500g_Esi_0A6B8860_uus.jpg","contentUrl":"https:\/\/thestory.ee\/wp-content\/uploads\/2025\/02\/Novella_500g_Esi_0A6B8860_uus.jpg","width":1946,"height":1946},{"@type":"BreadcrumbList","@id":"https:\/\/thestory.ee\/toode\/novella-classic-story-jahvatatud\/#breadcrumb","itemListElement":[{"@type":"ListItem","position":1,"name":"Avaleht","item":"https:\/\/thestory.ee\/"},{"@type":"ListItem","position":2,"name":"Pood","item":"https:\/\/thestory.ee\/pood\/"},{"@type":"ListItem","position":3,"name":"Novella Classic Story &#8211; Jahvatatud"}]},{"@type":"WebSite","@id":"https:\/\/thestory.ee\/#website","url":"https:\/\/thestory.ee\/","name":"Teema0","description":"R\u00e4nnak rikkalikesse maitsetesse!","publisher":{"@id":"https:\/\/thestory.ee\/#organization"},"potentialAction":[{"@type":"SearchAction","target":{"@type":"EntryPoint","urlTemplate":"https:\/\/thestory.ee\/?s={search_term_string}"},"query-input":{"@type":"PropertyValueSpecification","valueRequired":true,"valueName":"search_term_string"}}],"inLanguage":"en-GB"},{"@type":"Organization","@id":"https:\/\/thestory.ee\/#organization","name":"ESTONIAN COFFEE ROASTERY O\u00dc","url":"https:\/\/thestory.ee\/","logo":{"@type":"ImageObject","inLanguage":"en-GB","@id":"https:\/\/thestory.ee\/#\/schema\/logo\/image\/","url":"https:\/\/thestory.ee\/wp-content\/uploads\/2025\/02\/16372152_ESTONIAN-COFFEE-ROASTERY-OU_73499945_a_m.png","contentUrl":"https:\/\/thestory.ee\/wp-content\/uploads\/2025\/02\/16372152_ESTONIAN-COFFEE-ROASTERY-OU_73499945_a_m.png","width":239,"height":239,"caption":"ESTONIAN COFFEE ROASTERY O\u00dc"},"image":{"@id":"https:\/\/thestory.ee\/#\/schema\/logo\/image\/"}}]}},"_links":{"self":[{"href":"https:\/\/thestory.ee\/en\/wp-json\/wp\/v2\/product\/63838","targetHints":{"allow":["GET"]}}],"collection":[{"href":"https:\/\/thestory.ee\/en\/wp-json\/wp\/v2\/product"}],"about":[{"href":"https:\/\/thestory.ee\/en\/wp-json\/wp\/v2\/types\/product"}],"replies":[{"embeddable":true,"href":"https:\/\/thestory.ee\/en\/wp-json\/wp\/v2\/comments?post=63838"}],"wp:featuredmedia":[{"embeddable":true,"href":"https:\/\/thestory.ee\/en\/wp-json\/wp\/v2\/media\/63841"}],"wp:attachment":[{"href":"https:\/\/thestory.ee\/en\/wp-json\/wp\/v2\/media?parent=63838"}],"wp:term":[{"taxonomy":"product_brand","embeddable":true,"href":"https:\/\/thestory.ee\/en\/wp-json\/wp\/v2\/product_brand?post=63838"},{"taxonomy":"product_cat","embeddable":true,"href":"https:\/\/thestory.ee\/en\/wp-json\/wp\/v2\/product_cat?post=63838"},{"taxonomy":"product_tag","embeddable":true,"href":"https:\/\/thestory.ee\/en\/wp-json\/wp\/v2\/product_tag?post=63838"}],"curies":[{"name":"wp","href":"https:\/\/api.w.org\/{rel}","templated":true}]}}