{"id":63842,"date":"2025-02-20T17:10:05","date_gmt":"2025-02-20T14:10:05","guid":{"rendered":"https:\/\/thestory.ee\/?post_type=product&#038;p=63842"},"modified":"2026-03-14T10:04:05","modified_gmt":"2026-03-14T07:04:05","slug":"novella-tume-lugu","status":"publish","type":"product","link":"https:\/\/thestory.ee\/en\/product\/novella-tume-lugu\/","title":{"rendered":"The Story Novella Dark"},"content":{"rendered":"<p data-start=\"15\" data-end=\"507\"><strong data-start=\"15\" data-end=\"37\">Novella Dark Story<\/strong> \u2013 avasta luksuslik <strong data-start=\"57\" data-end=\"73\">kohvinauding<\/strong> pisut tumedama <strong data-start=\"89\" data-end=\"118\">r\u00f6stiga Novella kohvisegu<\/strong>, mis on valmistatud parimatest <strong data-start=\"150\" data-end=\"190\">L\u00f5una-Ameerika araabika kohviubadest<\/strong>. See segu on ideaalne <strong data-start=\"213\" data-end=\"226\">must kohv<\/strong>, kui hindad <strong data-start=\"239\" data-end=\"273\">j\u00f5ulist ja iseloomukat maitset<\/strong>, v\u00f5i <strong data-start=\"279\" data-end=\"306\">itaaliap\u00e4rast espressot<\/strong> oma p\u00e4rastl\u00f5unaseks kohvipausiks. Kui eelistad kohvi koos alternatiivpiimaga, siis see segu on ideaalne valik, kuna madal hapesus ja <strong data-start=\"440\" data-end=\"460\">tume-\u0161okolaadine<\/strong> maitse ei lase piimal kohvi maitset varjutada.<\/p>\n<p data-start=\"509\" data-end=\"850\">R\u00f6stiprofiiliga on saavutatud t\u00e4iuslik tasakaal <strong data-start=\"557\" data-end=\"576\">m\u00f5ruda ja k\u00fcpse<\/strong> maitse vahel, andes kohvile t\u00e4iuslikult nauditava s\u00f5\u00f5mu. <strong data-start=\"634\" data-end=\"683\">Madala hapesusega ja turgutav \u0161okolaadimaitse<\/strong> sobib ideaalselt neile, kes armastavad klassikalist kohvi tugevama aroomiga. K\u00fcpsed marjanoodid ja <strong data-start=\"783\" data-end=\"810\">\u0161okolaadine j\u00e4relmaitse<\/strong> toovad esile kohvi t\u00e4idluse ja puhtuse.<\/p>","protected":false},"excerpt":{"rendered":"<p>Novella Dark Story \u2013 avasta luksuslik kohvinauding pisut tumedama r\u00f6stiga Novella kohvisegu, mis on valmistatud parimatest L\u00f5una-Ameerika araabika kohviubadest. See segu on ideaalne must kohv, kui hindad j\u00f5ulist ja iseloomukat maitset, v\u00f5i itaaliap\u00e4rast espressot oma p\u00e4rastl\u00f5unaseks kohvipausiks. Kui eelistad kohvi koos alternatiivpiimaga, siis see segu on ideaalne valik, kuna madal hapesus ja tume-\u0161okolaadine maitse ei [&hellip;]<\/p>\n","protected":false},"featured_media":66308,"comment_status":"open","ping_status":"closed","template":"","meta":[],"product_brand":[],"product_cat":[28],"product_tag":[],"class_list":{"0":"post-63842","1":"product","2":"type-product","3":"status-publish","4":"has-post-thumbnail","6":"product_cat-novella-classic","8":"first","9":"instock","10":"shipping-taxable","11":"purchasable","12":"product-type-simple"},"yoast_head":"<!-- This site is optimized with the Yoast SEO plugin v27.3 - https:\/\/yoast.com\/product\/yoast-seo-wordpress\/ -->\n<title>The Story Novella Dark<\/title>\n<meta name=\"description\" content=\"Novella Dark Story on luksuslik r\u00f6st. Naudi j\u00f5ulist maitset ja \u0161okolaadist j\u00e4relmaitset \u2013 ideaalne mustaks kohviks v\u00f5i espressoks.\" \/>\n<meta name=\"robots\" content=\"index, follow, max-snippet:-1, max-image-preview:large, max-video-preview:-1\" \/>\n<link rel=\"canonical\" href=\"https:\/\/thestory.ee\/en\/product\/novella-tume-lugu\/\" \/>\n<meta property=\"og:locale\" content=\"en_GB\" \/>\n<meta property=\"og:type\" content=\"article\" \/>\n<meta property=\"og:title\" content=\"The Story Novella Dark\" \/>\n<meta property=\"og:description\" content=\"Novella Dark Story on luksuslik r\u00f6st. Naudi j\u00f5ulist maitset ja \u0161okolaadist j\u00e4relmaitset \u2013 ideaalne mustaks kohviks v\u00f5i espressoks.\" \/>\n<meta property=\"og:url\" content=\"https:\/\/thestory.ee\/en\/product\/novella-tume-lugu\/\" \/>\n<meta property=\"og:site_name\" content=\"ESTONIAN COFFEE ROASTERY O\u00dc\" \/>\n<meta property=\"article:modified_time\" content=\"2026-03-14T07:04:05+00:00\" \/>\n<meta property=\"og:image\" content=\"https:\/\/thestory.ee\/wp-content\/uploads\/2025\/02\/STORY-1351-2-scaled.jpg\" \/>\n\t<meta property=\"og:image:width\" content=\"1707\" \/>\n\t<meta property=\"og:image:height\" content=\"2560\" \/>\n\t<meta property=\"og:image:type\" content=\"image\/jpeg\" \/>\n<meta name=\"twitter:card\" content=\"summary_large_image\" \/>\n<meta name=\"twitter:label1\" content=\"Estimated reading time\" \/>\n\t<meta name=\"twitter:data1\" content=\"1 minute\" \/>\n<script type=\"application\/ld+json\" class=\"yoast-schema-graph\">{\"@context\":\"https:\\\/\\\/schema.org\",\"@graph\":[{\"@type\":\"WebPage\",\"@id\":\"https:\\\/\\\/thestory.ee\\\/toode\\\/novella-tume-lugu\\\/\",\"url\":\"https:\\\/\\\/thestory.ee\\\/toode\\\/novella-tume-lugu\\\/\",\"name\":\"The Story Novella Dark\",\"isPartOf\":{\"@id\":\"https:\\\/\\\/thestory.ee\\\/#website\"},\"primaryImageOfPage\":{\"@id\":\"https:\\\/\\\/thestory.ee\\\/toode\\\/novella-tume-lugu\\\/#primaryimage\"},\"image\":{\"@id\":\"https:\\\/\\\/thestory.ee\\\/toode\\\/novella-tume-lugu\\\/#primaryimage\"},\"thumbnailUrl\":\"https:\\\/\\\/thestory.ee\\\/wp-content\\\/uploads\\\/2025\\\/02\\\/STORY-1351-2-scaled.jpg\",\"datePublished\":\"2025-02-20T14:10:05+00:00\",\"dateModified\":\"2026-03-14T07:04:05+00:00\",\"description\":\"Novella Dark Story on luksuslik r\u00f6st. Naudi j\u00f5ulist maitset ja \u0161okolaadist j\u00e4relmaitset \u2013 ideaalne mustaks kohviks v\u00f5i espressoks.\",\"breadcrumb\":{\"@id\":\"https:\\\/\\\/thestory.ee\\\/toode\\\/novella-tume-lugu\\\/#breadcrumb\"},\"inLanguage\":\"en-GB\",\"potentialAction\":[{\"@type\":\"ReadAction\",\"target\":[\"https:\\\/\\\/thestory.ee\\\/toode\\\/novella-tume-lugu\\\/\"]}]},{\"@type\":\"ImageObject\",\"inLanguage\":\"en-GB\",\"@id\":\"https:\\\/\\\/thestory.ee\\\/toode\\\/novella-tume-lugu\\\/#primaryimage\",\"url\":\"https:\\\/\\\/thestory.ee\\\/wp-content\\\/uploads\\\/2025\\\/02\\\/STORY-1351-2-scaled.jpg\",\"contentUrl\":\"https:\\\/\\\/thestory.ee\\\/wp-content\\\/uploads\\\/2025\\\/02\\\/STORY-1351-2-scaled.jpg\",\"width\":1707,\"height\":2560},{\"@type\":\"BreadcrumbList\",\"@id\":\"https:\\\/\\\/thestory.ee\\\/toode\\\/novella-tume-lugu\\\/#breadcrumb\",\"itemListElement\":[{\"@type\":\"ListItem\",\"position\":1,\"name\":\"Avaleht\",\"item\":\"https:\\\/\\\/thestory.ee\\\/\"},{\"@type\":\"ListItem\",\"position\":2,\"name\":\"Pood\",\"item\":\"https:\\\/\\\/thestory.ee\\\/pood\\\/\"},{\"@type\":\"ListItem\",\"position\":3,\"name\":\"The Story Novella Dark\"}]},{\"@type\":\"WebSite\",\"@id\":\"https:\\\/\\\/thestory.ee\\\/#website\",\"url\":\"https:\\\/\\\/thestory.ee\\\/\",\"name\":\"Teema0\",\"description\":\"R\u00e4nnak rikkalikesse maitsetesse!\",\"publisher\":{\"@id\":\"https:\\\/\\\/thestory.ee\\\/#organization\"},\"potentialAction\":[{\"@type\":\"SearchAction\",\"target\":{\"@type\":\"EntryPoint\",\"urlTemplate\":\"https:\\\/\\\/thestory.ee\\\/?s={search_term_string}\"},\"query-input\":{\"@type\":\"PropertyValueSpecification\",\"valueRequired\":true,\"valueName\":\"search_term_string\"}}],\"inLanguage\":\"en-GB\"},{\"@type\":\"Organization\",\"@id\":\"https:\\\/\\\/thestory.ee\\\/#organization\",\"name\":\"ESTONIAN COFFEE ROASTERY O\u00dc\",\"url\":\"https:\\\/\\\/thestory.ee\\\/\",\"logo\":{\"@type\":\"ImageObject\",\"inLanguage\":\"en-GB\",\"@id\":\"https:\\\/\\\/thestory.ee\\\/#\\\/schema\\\/logo\\\/image\\\/\",\"url\":\"https:\\\/\\\/thestory.ee\\\/wp-content\\\/uploads\\\/2025\\\/02\\\/16372152_ESTONIAN-COFFEE-ROASTERY-OU_73499945_a_m.png\",\"contentUrl\":\"https:\\\/\\\/thestory.ee\\\/wp-content\\\/uploads\\\/2025\\\/02\\\/16372152_ESTONIAN-COFFEE-ROASTERY-OU_73499945_a_m.png\",\"width\":239,\"height\":239,\"caption\":\"ESTONIAN COFFEE ROASTERY O\u00dc\"},\"image\":{\"@id\":\"https:\\\/\\\/thestory.ee\\\/#\\\/schema\\\/logo\\\/image\\\/\"}}]}<\/script>\n<!-- \/ Yoast SEO plugin. -->","yoast_head_json":{"title":"The Story Novella Dark","description":"Novella Dark Story on luksuslik r\u00f6st. Naudi j\u00f5ulist maitset ja \u0161okolaadist j\u00e4relmaitset \u2013 ideaalne mustaks kohviks v\u00f5i espressoks.","robots":{"index":"index","follow":"follow","max-snippet":"max-snippet:-1","max-image-preview":"max-image-preview:large","max-video-preview":"max-video-preview:-1"},"canonical":"https:\/\/thestory.ee\/en\/product\/novella-tume-lugu\/","og_locale":"en_GB","og_type":"article","og_title":"The Story Novella Dark","og_description":"Novella Dark Story on luksuslik r\u00f6st. Naudi j\u00f5ulist maitset ja \u0161okolaadist j\u00e4relmaitset \u2013 ideaalne mustaks kohviks v\u00f5i espressoks.","og_url":"https:\/\/thestory.ee\/en\/product\/novella-tume-lugu\/","og_site_name":"ESTONIAN COFFEE ROASTERY O\u00dc","article_modified_time":"2026-03-14T07:04:05+00:00","og_image":[{"width":1707,"height":2560,"url":"https:\/\/thestory.ee\/wp-content\/uploads\/2025\/02\/STORY-1351-2-scaled.jpg","type":"image\/jpeg"}],"twitter_card":"summary_large_image","twitter_misc":{"Estimated reading time":"1 minute"},"schema":{"@context":"https:\/\/schema.org","@graph":[{"@type":"WebPage","@id":"https:\/\/thestory.ee\/toode\/novella-tume-lugu\/","url":"https:\/\/thestory.ee\/toode\/novella-tume-lugu\/","name":"The Story Novella Dark","isPartOf":{"@id":"https:\/\/thestory.ee\/#website"},"primaryImageOfPage":{"@id":"https:\/\/thestory.ee\/toode\/novella-tume-lugu\/#primaryimage"},"image":{"@id":"https:\/\/thestory.ee\/toode\/novella-tume-lugu\/#primaryimage"},"thumbnailUrl":"https:\/\/thestory.ee\/wp-content\/uploads\/2025\/02\/STORY-1351-2-scaled.jpg","datePublished":"2025-02-20T14:10:05+00:00","dateModified":"2026-03-14T07:04:05+00:00","description":"Novella Dark Story on luksuslik r\u00f6st. Naudi j\u00f5ulist maitset ja \u0161okolaadist j\u00e4relmaitset \u2013 ideaalne mustaks kohviks v\u00f5i espressoks.","breadcrumb":{"@id":"https:\/\/thestory.ee\/toode\/novella-tume-lugu\/#breadcrumb"},"inLanguage":"en-GB","potentialAction":[{"@type":"ReadAction","target":["https:\/\/thestory.ee\/toode\/novella-tume-lugu\/"]}]},{"@type":"ImageObject","inLanguage":"en-GB","@id":"https:\/\/thestory.ee\/toode\/novella-tume-lugu\/#primaryimage","url":"https:\/\/thestory.ee\/wp-content\/uploads\/2025\/02\/STORY-1351-2-scaled.jpg","contentUrl":"https:\/\/thestory.ee\/wp-content\/uploads\/2025\/02\/STORY-1351-2-scaled.jpg","width":1707,"height":2560},{"@type":"BreadcrumbList","@id":"https:\/\/thestory.ee\/toode\/novella-tume-lugu\/#breadcrumb","itemListElement":[{"@type":"ListItem","position":1,"name":"Avaleht","item":"https:\/\/thestory.ee\/"},{"@type":"ListItem","position":2,"name":"Pood","item":"https:\/\/thestory.ee\/pood\/"},{"@type":"ListItem","position":3,"name":"The Story Novella Dark"}]},{"@type":"WebSite","@id":"https:\/\/thestory.ee\/#website","url":"https:\/\/thestory.ee\/","name":"Teema0","description":"R\u00e4nnak rikkalikesse maitsetesse!","publisher":{"@id":"https:\/\/thestory.ee\/#organization"},"potentialAction":[{"@type":"SearchAction","target":{"@type":"EntryPoint","urlTemplate":"https:\/\/thestory.ee\/?s={search_term_string}"},"query-input":{"@type":"PropertyValueSpecification","valueRequired":true,"valueName":"search_term_string"}}],"inLanguage":"en-GB"},{"@type":"Organization","@id":"https:\/\/thestory.ee\/#organization","name":"ESTONIAN COFFEE ROASTERY O\u00dc","url":"https:\/\/thestory.ee\/","logo":{"@type":"ImageObject","inLanguage":"en-GB","@id":"https:\/\/thestory.ee\/#\/schema\/logo\/image\/","url":"https:\/\/thestory.ee\/wp-content\/uploads\/2025\/02\/16372152_ESTONIAN-COFFEE-ROASTERY-OU_73499945_a_m.png","contentUrl":"https:\/\/thestory.ee\/wp-content\/uploads\/2025\/02\/16372152_ESTONIAN-COFFEE-ROASTERY-OU_73499945_a_m.png","width":239,"height":239,"caption":"ESTONIAN COFFEE ROASTERY O\u00dc"},"image":{"@id":"https:\/\/thestory.ee\/#\/schema\/logo\/image\/"}}]}},"_links":{"self":[{"href":"https:\/\/thestory.ee\/en\/wp-json\/wp\/v2\/product\/63842","targetHints":{"allow":["GET"]}}],"collection":[{"href":"https:\/\/thestory.ee\/en\/wp-json\/wp\/v2\/product"}],"about":[{"href":"https:\/\/thestory.ee\/en\/wp-json\/wp\/v2\/types\/product"}],"replies":[{"embeddable":true,"href":"https:\/\/thestory.ee\/en\/wp-json\/wp\/v2\/comments?post=63842"}],"wp:featuredmedia":[{"embeddable":true,"href":"https:\/\/thestory.ee\/en\/wp-json\/wp\/v2\/media\/66308"}],"wp:attachment":[{"href":"https:\/\/thestory.ee\/en\/wp-json\/wp\/v2\/media?parent=63842"}],"wp:term":[{"taxonomy":"product_brand","embeddable":true,"href":"https:\/\/thestory.ee\/en\/wp-json\/wp\/v2\/product_brand?post=63842"},{"taxonomy":"product_cat","embeddable":true,"href":"https:\/\/thestory.ee\/en\/wp-json\/wp\/v2\/product_cat?post=63842"},{"taxonomy":"product_tag","embeddable":true,"href":"https:\/\/thestory.ee\/en\/wp-json\/wp\/v2\/product_tag?post=63842"}],"curies":[{"name":"wp","href":"https:\/\/api.w.org\/{rel}","templated":true}]}}