{"id":63877,"date":"2025-03-19T12:10:24","date_gmt":"2025-03-19T09:10:24","guid":{"rendered":"https:\/\/thestory.ee\/?post_type=product&#038;p=63877"},"modified":"2026-03-14T10:01:27","modified_gmt":"2026-03-14T07:01:27","slug":"the-story-romance","status":"publish","type":"product","link":"https:\/\/thestory.ee\/en\/product\/the-story-romance\/","title":{"rendered":"The Story Romance"},"content":{"rendered":"<p><strong data-start=\"607\" data-end=\"629\">The Story Romantic<\/strong> \u2013 eksklusiivne <strong data-start=\"645\" data-end=\"664\">gurmeekohvisegu<\/strong>, mis viib sind t\u00f5elisele <strong data-start=\"690\" data-end=\"708\">kohvielamusele<\/strong>. See hoolikalt valitud <strong data-start=\"732\" data-end=\"749\">premium kohvi<\/strong> kombinatsioon kolmest erinevast <strong data-start=\"782\" data-end=\"795\" data-is-only-node=\"\">kohvioast<\/strong> pakub <strong data-start=\"802\" data-end=\"834\">magusaid ja p\u00e4hkliseid noote<\/strong>, mis sulanduvad <strong data-start=\"851\" data-end=\"891\">lilleliste ja puuviljaste aroomidega<\/strong>, luues samal ajal <strong data-start=\"910\" data-end=\"957\">rikkaliku ja \u00f5rnalt v\u00fcrtsika maitseprofiili<\/strong>. <strong data-start=\"959\" data-end=\"986\">K\u00e4sit\u00f6\u00f6na r\u00f6stitud kohv<\/strong>, mis sobib ideaalselt nii <strong data-start=\"1013\" data-end=\"1039\">hommikuseks naudinguks<\/strong> kui ka eriliseks hetkedeks. Proovi ja avasta <strong data-start=\"1085\" data-end=\"1128\">t\u00e4iuslikult tasakaalustatud kohvimaitse<\/strong> igas tassit\u00e4ies! \u2615\u2728<\/p>","protected":false},"excerpt":{"rendered":"<p>The Story Romantic \u2013 eksklusiivne gurmeekohvisegu, mis viib sind t\u00f5elisele kohvielamusele. See hoolikalt valitud premium kohvi kombinatsioon kolmest erinevast kohvioast pakub magusaid ja p\u00e4hkliseid noote, mis sulanduvad lilleliste ja puuviljaste aroomidega, luues samal ajal rikkaliku ja \u00f5rnalt v\u00fcrtsika maitseprofiili. K\u00e4sit\u00f6\u00f6na r\u00f6stitud kohv, mis sobib ideaalselt nii hommikuseks naudinguks kui ka eriliseks hetkedeks. Proovi ja avasta [&hellip;]<\/p>\n","protected":false},"featured_media":66306,"comment_status":"open","ping_status":"closed","template":"","meta":[],"product_brand":[],"product_cat":[29],"product_tag":[],"class_list":{"0":"post-63877","1":"product","2":"type-product","3":"status-publish","4":"has-post-thumbnail","6":"product_cat-story","8":"first","9":"instock","10":"shipping-taxable","11":"purchasable","12":"product-type-simple"},"yoast_head":"<!-- This site is optimized with the Yoast SEO plugin v27.3 - https:\/\/yoast.com\/product\/yoast-seo-wordpress\/ -->\n<title>The Story Romance<\/title>\n<meta name=\"description\" content=\"The Story Romantic kohvisegu on eksklusiivne premium kohv, mis \u00fchendab magusad, p\u00e4hklised ja puuviljased noodid rikkaliku v\u00fcrtsikusega.\" \/>\n<meta name=\"robots\" content=\"index, follow, max-snippet:-1, max-image-preview:large, max-video-preview:-1\" \/>\n<link rel=\"canonical\" href=\"https:\/\/thestory.ee\/en\/product\/the-story-romance\/\" \/>\n<meta property=\"og:locale\" content=\"en_GB\" \/>\n<meta property=\"og:type\" content=\"article\" \/>\n<meta property=\"og:title\" content=\"The Story Romance\" \/>\n<meta property=\"og:description\" content=\"The Story Romantic kohvisegu on eksklusiivne premium kohv, mis \u00fchendab magusad, p\u00e4hklised ja puuviljased noodid rikkaliku v\u00fcrtsikusega.\" \/>\n<meta property=\"og:url\" content=\"https:\/\/thestory.ee\/en\/product\/the-story-romance\/\" \/>\n<meta property=\"og:site_name\" content=\"ESTONIAN COFFEE ROASTERY O\u00dc\" \/>\n<meta property=\"article:modified_time\" content=\"2026-03-14T07:01:27+00:00\" \/>\n<meta property=\"og:image\" content=\"https:\/\/thestory.ee\/wp-content\/uploads\/2025\/03\/STORY-2-scaled.jpg\" \/>\n\t<meta property=\"og:image:width\" content=\"1707\" \/>\n\t<meta property=\"og:image:height\" content=\"2560\" \/>\n\t<meta property=\"og:image:type\" content=\"image\/jpeg\" \/>\n<meta name=\"twitter:card\" content=\"summary_large_image\" \/>\n<meta name=\"twitter:label1\" content=\"Estimated reading time\" \/>\n\t<meta name=\"twitter:data1\" content=\"1 minute\" \/>\n<script type=\"application\/ld+json\" class=\"yoast-schema-graph\">{\"@context\":\"https:\\\/\\\/schema.org\",\"@graph\":[{\"@type\":\"WebPage\",\"@id\":\"https:\\\/\\\/thestory.ee\\\/toode\\\/the-story-romance\\\/\",\"url\":\"https:\\\/\\\/thestory.ee\\\/toode\\\/the-story-romance\\\/\",\"name\":\"The Story Romance\",\"isPartOf\":{\"@id\":\"https:\\\/\\\/thestory.ee\\\/#website\"},\"primaryImageOfPage\":{\"@id\":\"https:\\\/\\\/thestory.ee\\\/toode\\\/the-story-romance\\\/#primaryimage\"},\"image\":{\"@id\":\"https:\\\/\\\/thestory.ee\\\/toode\\\/the-story-romance\\\/#primaryimage\"},\"thumbnailUrl\":\"https:\\\/\\\/thestory.ee\\\/wp-content\\\/uploads\\\/2025\\\/03\\\/STORY-2-scaled.jpg\",\"datePublished\":\"2025-03-19T09:10:24+00:00\",\"dateModified\":\"2026-03-14T07:01:27+00:00\",\"description\":\"The Story Romantic kohvisegu on eksklusiivne premium kohv, mis \u00fchendab magusad, p\u00e4hklised ja puuviljased noodid rikkaliku v\u00fcrtsikusega.\",\"breadcrumb\":{\"@id\":\"https:\\\/\\\/thestory.ee\\\/toode\\\/the-story-romance\\\/#breadcrumb\"},\"inLanguage\":\"en-GB\",\"potentialAction\":[{\"@type\":\"ReadAction\",\"target\":[\"https:\\\/\\\/thestory.ee\\\/toode\\\/the-story-romance\\\/\"]}]},{\"@type\":\"ImageObject\",\"inLanguage\":\"en-GB\",\"@id\":\"https:\\\/\\\/thestory.ee\\\/toode\\\/the-story-romance\\\/#primaryimage\",\"url\":\"https:\\\/\\\/thestory.ee\\\/wp-content\\\/uploads\\\/2025\\\/03\\\/STORY-2-scaled.jpg\",\"contentUrl\":\"https:\\\/\\\/thestory.ee\\\/wp-content\\\/uploads\\\/2025\\\/03\\\/STORY-2-scaled.jpg\",\"width\":1707,\"height\":2560},{\"@type\":\"BreadcrumbList\",\"@id\":\"https:\\\/\\\/thestory.ee\\\/toode\\\/the-story-romance\\\/#breadcrumb\",\"itemListElement\":[{\"@type\":\"ListItem\",\"position\":1,\"name\":\"Avaleht\",\"item\":\"https:\\\/\\\/thestory.ee\\\/\"},{\"@type\":\"ListItem\",\"position\":2,\"name\":\"Pood\",\"item\":\"https:\\\/\\\/thestory.ee\\\/pood\\\/\"},{\"@type\":\"ListItem\",\"position\":3,\"name\":\"The Story Romance\"}]},{\"@type\":\"WebSite\",\"@id\":\"https:\\\/\\\/thestory.ee\\\/#website\",\"url\":\"https:\\\/\\\/thestory.ee\\\/\",\"name\":\"Teema0\",\"description\":\"R\u00e4nnak rikkalikesse maitsetesse!\",\"publisher\":{\"@id\":\"https:\\\/\\\/thestory.ee\\\/#organization\"},\"potentialAction\":[{\"@type\":\"SearchAction\",\"target\":{\"@type\":\"EntryPoint\",\"urlTemplate\":\"https:\\\/\\\/thestory.ee\\\/?s={search_term_string}\"},\"query-input\":{\"@type\":\"PropertyValueSpecification\",\"valueRequired\":true,\"valueName\":\"search_term_string\"}}],\"inLanguage\":\"en-GB\"},{\"@type\":\"Organization\",\"@id\":\"https:\\\/\\\/thestory.ee\\\/#organization\",\"name\":\"ESTONIAN COFFEE ROASTERY O\u00dc\",\"url\":\"https:\\\/\\\/thestory.ee\\\/\",\"logo\":{\"@type\":\"ImageObject\",\"inLanguage\":\"en-GB\",\"@id\":\"https:\\\/\\\/thestory.ee\\\/#\\\/schema\\\/logo\\\/image\\\/\",\"url\":\"https:\\\/\\\/thestory.ee\\\/wp-content\\\/uploads\\\/2025\\\/02\\\/16372152_ESTONIAN-COFFEE-ROASTERY-OU_73499945_a_m.png\",\"contentUrl\":\"https:\\\/\\\/thestory.ee\\\/wp-content\\\/uploads\\\/2025\\\/02\\\/16372152_ESTONIAN-COFFEE-ROASTERY-OU_73499945_a_m.png\",\"width\":239,\"height\":239,\"caption\":\"ESTONIAN COFFEE ROASTERY O\u00dc\"},\"image\":{\"@id\":\"https:\\\/\\\/thestory.ee\\\/#\\\/schema\\\/logo\\\/image\\\/\"}}]}<\/script>\n<!-- \/ Yoast SEO plugin. -->","yoast_head_json":{"title":"The Story Romance","description":"The Story Romantic kohvisegu on eksklusiivne premium kohv, mis \u00fchendab magusad, p\u00e4hklised ja puuviljased noodid rikkaliku v\u00fcrtsikusega.","robots":{"index":"index","follow":"follow","max-snippet":"max-snippet:-1","max-image-preview":"max-image-preview:large","max-video-preview":"max-video-preview:-1"},"canonical":"https:\/\/thestory.ee\/en\/product\/the-story-romance\/","og_locale":"en_GB","og_type":"article","og_title":"The Story Romance","og_description":"The Story Romantic kohvisegu on eksklusiivne premium kohv, mis \u00fchendab magusad, p\u00e4hklised ja puuviljased noodid rikkaliku v\u00fcrtsikusega.","og_url":"https:\/\/thestory.ee\/en\/product\/the-story-romance\/","og_site_name":"ESTONIAN COFFEE ROASTERY O\u00dc","article_modified_time":"2026-03-14T07:01:27+00:00","og_image":[{"width":1707,"height":2560,"url":"https:\/\/thestory.ee\/wp-content\/uploads\/2025\/03\/STORY-2-scaled.jpg","type":"image\/jpeg"}],"twitter_card":"summary_large_image","twitter_misc":{"Estimated reading time":"1 minute"},"schema":{"@context":"https:\/\/schema.org","@graph":[{"@type":"WebPage","@id":"https:\/\/thestory.ee\/toode\/the-story-romance\/","url":"https:\/\/thestory.ee\/toode\/the-story-romance\/","name":"The Story Romance","isPartOf":{"@id":"https:\/\/thestory.ee\/#website"},"primaryImageOfPage":{"@id":"https:\/\/thestory.ee\/toode\/the-story-romance\/#primaryimage"},"image":{"@id":"https:\/\/thestory.ee\/toode\/the-story-romance\/#primaryimage"},"thumbnailUrl":"https:\/\/thestory.ee\/wp-content\/uploads\/2025\/03\/STORY-2-scaled.jpg","datePublished":"2025-03-19T09:10:24+00:00","dateModified":"2026-03-14T07:01:27+00:00","description":"The Story Romantic kohvisegu on eksklusiivne premium kohv, mis \u00fchendab magusad, p\u00e4hklised ja puuviljased noodid rikkaliku v\u00fcrtsikusega.","breadcrumb":{"@id":"https:\/\/thestory.ee\/toode\/the-story-romance\/#breadcrumb"},"inLanguage":"en-GB","potentialAction":[{"@type":"ReadAction","target":["https:\/\/thestory.ee\/toode\/the-story-romance\/"]}]},{"@type":"ImageObject","inLanguage":"en-GB","@id":"https:\/\/thestory.ee\/toode\/the-story-romance\/#primaryimage","url":"https:\/\/thestory.ee\/wp-content\/uploads\/2025\/03\/STORY-2-scaled.jpg","contentUrl":"https:\/\/thestory.ee\/wp-content\/uploads\/2025\/03\/STORY-2-scaled.jpg","width":1707,"height":2560},{"@type":"BreadcrumbList","@id":"https:\/\/thestory.ee\/toode\/the-story-romance\/#breadcrumb","itemListElement":[{"@type":"ListItem","position":1,"name":"Avaleht","item":"https:\/\/thestory.ee\/"},{"@type":"ListItem","position":2,"name":"Pood","item":"https:\/\/thestory.ee\/pood\/"},{"@type":"ListItem","position":3,"name":"The Story Romance"}]},{"@type":"WebSite","@id":"https:\/\/thestory.ee\/#website","url":"https:\/\/thestory.ee\/","name":"Teema0","description":"R\u00e4nnak rikkalikesse maitsetesse!","publisher":{"@id":"https:\/\/thestory.ee\/#organization"},"potentialAction":[{"@type":"SearchAction","target":{"@type":"EntryPoint","urlTemplate":"https:\/\/thestory.ee\/?s={search_term_string}"},"query-input":{"@type":"PropertyValueSpecification","valueRequired":true,"valueName":"search_term_string"}}],"inLanguage":"en-GB"},{"@type":"Organization","@id":"https:\/\/thestory.ee\/#organization","name":"ESTONIAN COFFEE ROASTERY O\u00dc","url":"https:\/\/thestory.ee\/","logo":{"@type":"ImageObject","inLanguage":"en-GB","@id":"https:\/\/thestory.ee\/#\/schema\/logo\/image\/","url":"https:\/\/thestory.ee\/wp-content\/uploads\/2025\/02\/16372152_ESTONIAN-COFFEE-ROASTERY-OU_73499945_a_m.png","contentUrl":"https:\/\/thestory.ee\/wp-content\/uploads\/2025\/02\/16372152_ESTONIAN-COFFEE-ROASTERY-OU_73499945_a_m.png","width":239,"height":239,"caption":"ESTONIAN COFFEE ROASTERY O\u00dc"},"image":{"@id":"https:\/\/thestory.ee\/#\/schema\/logo\/image\/"}}]}},"_links":{"self":[{"href":"https:\/\/thestory.ee\/en\/wp-json\/wp\/v2\/product\/63877","targetHints":{"allow":["GET"]}}],"collection":[{"href":"https:\/\/thestory.ee\/en\/wp-json\/wp\/v2\/product"}],"about":[{"href":"https:\/\/thestory.ee\/en\/wp-json\/wp\/v2\/types\/product"}],"replies":[{"embeddable":true,"href":"https:\/\/thestory.ee\/en\/wp-json\/wp\/v2\/comments?post=63877"}],"wp:featuredmedia":[{"embeddable":true,"href":"https:\/\/thestory.ee\/en\/wp-json\/wp\/v2\/media\/66306"}],"wp:attachment":[{"href":"https:\/\/thestory.ee\/en\/wp-json\/wp\/v2\/media?parent=63877"}],"wp:term":[{"taxonomy":"product_brand","embeddable":true,"href":"https:\/\/thestory.ee\/en\/wp-json\/wp\/v2\/product_brand?post=63877"},{"taxonomy":"product_cat","embeddable":true,"href":"https:\/\/thestory.ee\/en\/wp-json\/wp\/v2\/product_cat?post=63877"},{"taxonomy":"product_tag","embeddable":true,"href":"https:\/\/thestory.ee\/en\/wp-json\/wp\/v2\/product_tag?post=63877"}],"curies":[{"name":"wp","href":"https:\/\/api.w.org\/{rel}","templated":true}]}}