{"id":66312,"date":"2025-06-28T13:18:42","date_gmt":"2025-06-28T10:18:42","guid":{"rendered":"https:\/\/thestory.ee\/?post_type=product&#038;p=66312"},"modified":"2026-03-14T10:00:18","modified_gmt":"2026-03-14T07:00:18","slug":"legend-kohvioad","status":"publish","type":"product","link":"https:\/\/thestory.ee\/en\/product\/legend-kohvioad\/","title":{"rendered":"The Story Legend"},"content":{"rendered":"<p data-start=\"196\" data-end=\"411\"><strong>The Story Legend <\/strong>on kohvisegu, mis r\u00e4\u00e4gib oma lugu \u2013 see peegeldab looduse metsikut ilu, sisemist rahu ja loomulikku j\u00f5udu. Legend pakub t\u00e4idlast ja pehmet maitseelamust, milles on tunda ka s\u00e4rtsakat karakterit.<\/p>\n<p data-start=\"413\" data-end=\"578\">Iga lonks sellest kohvist viib sind kui r\u00e4nnakule l\u00e4bi vaikse, ent j\u00f5ulise maastiku \u2013 nagu hunt \u00f6ises metsas. See ei ole lihtsalt kohv, vaid elamus, mis j\u00e4\u00e4b meelde.<\/p>","protected":false},"excerpt":{"rendered":"<p>The Story Legend on kohvisegu, mis r\u00e4\u00e4gib oma lugu \u2013 see peegeldab looduse metsikut ilu, sisemist rahu ja loomulikku j\u00f5udu. Legend pakub t\u00e4idlast ja pehmet maitseelamust, milles on tunda ka s\u00e4rtsakat karakterit. Iga lonks sellest kohvist viib sind kui r\u00e4nnakule l\u00e4bi vaikse, ent j\u00f5ulise maastiku \u2013 nagu hunt \u00f6ises metsas. See ei ole lihtsalt kohv, [&hellip;]<\/p>\n","protected":false},"featured_media":66313,"comment_status":"open","ping_status":"closed","template":"","meta":[],"product_brand":[],"product_cat":[29],"product_tag":[],"class_list":{"0":"post-66312","1":"product","2":"type-product","3":"status-publish","4":"has-post-thumbnail","6":"product_cat-story","8":"first","9":"instock","10":"shipping-taxable","11":"purchasable","12":"product-type-simple"},"yoast_head":"<!-- This site is optimized with the Yoast SEO plugin v27.3 - https:\/\/yoast.com\/product\/yoast-seo-wordpress\/ -->\n<title>The Story Legend kohvioad \u2013 t\u00e4idlane ja \u00fcrgne maitseelamus<\/title>\n<meta name=\"description\" content=\"Legend kohvioad on t\u00e4idlane ja sametiselt sujuv kohv, mille maitse toob esile looduse j\u00f5u ja metsiku ilu.\" \/>\n<meta name=\"robots\" content=\"index, follow, max-snippet:-1, max-image-preview:large, max-video-preview:-1\" \/>\n<link rel=\"canonical\" href=\"https:\/\/thestory.ee\/en\/product\/legend-kohvioad\/\" \/>\n<meta property=\"og:locale\" content=\"en_GB\" \/>\n<meta property=\"og:type\" content=\"article\" \/>\n<meta property=\"og:title\" content=\"The Story Legend kohvioad \u2013 t\u00e4idlane ja \u00fcrgne maitseelamus\" \/>\n<meta property=\"og:description\" content=\"Legend kohvioad on t\u00e4idlane ja sametiselt sujuv kohv, mille maitse toob esile looduse j\u00f5u ja metsiku ilu.\" \/>\n<meta property=\"og:url\" content=\"https:\/\/thestory.ee\/en\/product\/legend-kohvioad\/\" \/>\n<meta property=\"og:site_name\" content=\"ESTONIAN COFFEE ROASTERY O\u00dc\" \/>\n<meta property=\"article:modified_time\" content=\"2026-03-14T07:00:18+00:00\" \/>\n<meta property=\"og:image\" content=\"https:\/\/thestory.ee\/wp-content\/uploads\/2025\/06\/STORY-3-scaled.jpg\" \/>\n\t<meta property=\"og:image:width\" content=\"1707\" \/>\n\t<meta property=\"og:image:height\" content=\"2560\" \/>\n\t<meta property=\"og:image:type\" content=\"image\/jpeg\" \/>\n<meta name=\"twitter:card\" content=\"summary_large_image\" \/>\n<meta name=\"twitter:label1\" content=\"Estimated reading time\" \/>\n\t<meta name=\"twitter:data1\" content=\"1 minute\" \/>\n<script type=\"application\/ld+json\" class=\"yoast-schema-graph\">{\"@context\":\"https:\\\/\\\/schema.org\",\"@graph\":[{\"@type\":\"WebPage\",\"@id\":\"https:\\\/\\\/thestory.ee\\\/toode\\\/legend-kohvioad\\\/\",\"url\":\"https:\\\/\\\/thestory.ee\\\/toode\\\/legend-kohvioad\\\/\",\"name\":\"The Story Legend kohvioad \u2013 t\u00e4idlane ja \u00fcrgne maitseelamus\",\"isPartOf\":{\"@id\":\"https:\\\/\\\/thestory.ee\\\/#website\"},\"primaryImageOfPage\":{\"@id\":\"https:\\\/\\\/thestory.ee\\\/toode\\\/legend-kohvioad\\\/#primaryimage\"},\"image\":{\"@id\":\"https:\\\/\\\/thestory.ee\\\/toode\\\/legend-kohvioad\\\/#primaryimage\"},\"thumbnailUrl\":\"https:\\\/\\\/thestory.ee\\\/wp-content\\\/uploads\\\/2025\\\/06\\\/STORY-3-scaled.jpg\",\"datePublished\":\"2025-06-28T10:18:42+00:00\",\"dateModified\":\"2026-03-14T07:00:18+00:00\",\"description\":\"Legend kohvioad on t\u00e4idlane ja sametiselt sujuv kohv, mille maitse toob esile looduse j\u00f5u ja metsiku ilu.\",\"breadcrumb\":{\"@id\":\"https:\\\/\\\/thestory.ee\\\/toode\\\/legend-kohvioad\\\/#breadcrumb\"},\"inLanguage\":\"en-GB\",\"potentialAction\":[{\"@type\":\"ReadAction\",\"target\":[\"https:\\\/\\\/thestory.ee\\\/toode\\\/legend-kohvioad\\\/\"]}]},{\"@type\":\"ImageObject\",\"inLanguage\":\"en-GB\",\"@id\":\"https:\\\/\\\/thestory.ee\\\/toode\\\/legend-kohvioad\\\/#primaryimage\",\"url\":\"https:\\\/\\\/thestory.ee\\\/wp-content\\\/uploads\\\/2025\\\/06\\\/STORY-3-scaled.jpg\",\"contentUrl\":\"https:\\\/\\\/thestory.ee\\\/wp-content\\\/uploads\\\/2025\\\/06\\\/STORY-3-scaled.jpg\",\"width\":1707,\"height\":2560},{\"@type\":\"BreadcrumbList\",\"@id\":\"https:\\\/\\\/thestory.ee\\\/toode\\\/legend-kohvioad\\\/#breadcrumb\",\"itemListElement\":[{\"@type\":\"ListItem\",\"position\":1,\"name\":\"Avaleht\",\"item\":\"https:\\\/\\\/thestory.ee\\\/\"},{\"@type\":\"ListItem\",\"position\":2,\"name\":\"Pood\",\"item\":\"https:\\\/\\\/thestory.ee\\\/pood\\\/\"},{\"@type\":\"ListItem\",\"position\":3,\"name\":\"The Story Legend\"}]},{\"@type\":\"WebSite\",\"@id\":\"https:\\\/\\\/thestory.ee\\\/#website\",\"url\":\"https:\\\/\\\/thestory.ee\\\/\",\"name\":\"Teema0\",\"description\":\"R\u00e4nnak rikkalikesse maitsetesse!\",\"publisher\":{\"@id\":\"https:\\\/\\\/thestory.ee\\\/#organization\"},\"potentialAction\":[{\"@type\":\"SearchAction\",\"target\":{\"@type\":\"EntryPoint\",\"urlTemplate\":\"https:\\\/\\\/thestory.ee\\\/?s={search_term_string}\"},\"query-input\":{\"@type\":\"PropertyValueSpecification\",\"valueRequired\":true,\"valueName\":\"search_term_string\"}}],\"inLanguage\":\"en-GB\"},{\"@type\":\"Organization\",\"@id\":\"https:\\\/\\\/thestory.ee\\\/#organization\",\"name\":\"ESTONIAN COFFEE ROASTERY O\u00dc\",\"url\":\"https:\\\/\\\/thestory.ee\\\/\",\"logo\":{\"@type\":\"ImageObject\",\"inLanguage\":\"en-GB\",\"@id\":\"https:\\\/\\\/thestory.ee\\\/#\\\/schema\\\/logo\\\/image\\\/\",\"url\":\"https:\\\/\\\/thestory.ee\\\/wp-content\\\/uploads\\\/2025\\\/02\\\/16372152_ESTONIAN-COFFEE-ROASTERY-OU_73499945_a_m.png\",\"contentUrl\":\"https:\\\/\\\/thestory.ee\\\/wp-content\\\/uploads\\\/2025\\\/02\\\/16372152_ESTONIAN-COFFEE-ROASTERY-OU_73499945_a_m.png\",\"width\":239,\"height\":239,\"caption\":\"ESTONIAN COFFEE ROASTERY O\u00dc\"},\"image\":{\"@id\":\"https:\\\/\\\/thestory.ee\\\/#\\\/schema\\\/logo\\\/image\\\/\"}}]}<\/script>\n<!-- \/ Yoast SEO plugin. -->","yoast_head_json":{"title":"The Story Legend kohvioad \u2013 t\u00e4idlane ja \u00fcrgne maitseelamus","description":"Legend kohvioad on t\u00e4idlane ja sametiselt sujuv kohv, mille maitse toob esile looduse j\u00f5u ja metsiku ilu.","robots":{"index":"index","follow":"follow","max-snippet":"max-snippet:-1","max-image-preview":"max-image-preview:large","max-video-preview":"max-video-preview:-1"},"canonical":"https:\/\/thestory.ee\/en\/product\/legend-kohvioad\/","og_locale":"en_GB","og_type":"article","og_title":"The Story Legend kohvioad \u2013 t\u00e4idlane ja \u00fcrgne maitseelamus","og_description":"Legend kohvioad on t\u00e4idlane ja sametiselt sujuv kohv, mille maitse toob esile looduse j\u00f5u ja metsiku ilu.","og_url":"https:\/\/thestory.ee\/en\/product\/legend-kohvioad\/","og_site_name":"ESTONIAN COFFEE ROASTERY O\u00dc","article_modified_time":"2026-03-14T07:00:18+00:00","og_image":[{"width":1707,"height":2560,"url":"https:\/\/thestory.ee\/wp-content\/uploads\/2025\/06\/STORY-3-scaled.jpg","type":"image\/jpeg"}],"twitter_card":"summary_large_image","twitter_misc":{"Estimated reading time":"1 minute"},"schema":{"@context":"https:\/\/schema.org","@graph":[{"@type":"WebPage","@id":"https:\/\/thestory.ee\/toode\/legend-kohvioad\/","url":"https:\/\/thestory.ee\/toode\/legend-kohvioad\/","name":"The Story Legend kohvioad \u2013 t\u00e4idlane ja \u00fcrgne maitseelamus","isPartOf":{"@id":"https:\/\/thestory.ee\/#website"},"primaryImageOfPage":{"@id":"https:\/\/thestory.ee\/toode\/legend-kohvioad\/#primaryimage"},"image":{"@id":"https:\/\/thestory.ee\/toode\/legend-kohvioad\/#primaryimage"},"thumbnailUrl":"https:\/\/thestory.ee\/wp-content\/uploads\/2025\/06\/STORY-3-scaled.jpg","datePublished":"2025-06-28T10:18:42+00:00","dateModified":"2026-03-14T07:00:18+00:00","description":"Legend kohvioad on t\u00e4idlane ja sametiselt sujuv kohv, mille maitse toob esile looduse j\u00f5u ja metsiku ilu.","breadcrumb":{"@id":"https:\/\/thestory.ee\/toode\/legend-kohvioad\/#breadcrumb"},"inLanguage":"en-GB","potentialAction":[{"@type":"ReadAction","target":["https:\/\/thestory.ee\/toode\/legend-kohvioad\/"]}]},{"@type":"ImageObject","inLanguage":"en-GB","@id":"https:\/\/thestory.ee\/toode\/legend-kohvioad\/#primaryimage","url":"https:\/\/thestory.ee\/wp-content\/uploads\/2025\/06\/STORY-3-scaled.jpg","contentUrl":"https:\/\/thestory.ee\/wp-content\/uploads\/2025\/06\/STORY-3-scaled.jpg","width":1707,"height":2560},{"@type":"BreadcrumbList","@id":"https:\/\/thestory.ee\/toode\/legend-kohvioad\/#breadcrumb","itemListElement":[{"@type":"ListItem","position":1,"name":"Avaleht","item":"https:\/\/thestory.ee\/"},{"@type":"ListItem","position":2,"name":"Pood","item":"https:\/\/thestory.ee\/pood\/"},{"@type":"ListItem","position":3,"name":"The Story Legend"}]},{"@type":"WebSite","@id":"https:\/\/thestory.ee\/#website","url":"https:\/\/thestory.ee\/","name":"Teema0","description":"R\u00e4nnak rikkalikesse maitsetesse!","publisher":{"@id":"https:\/\/thestory.ee\/#organization"},"potentialAction":[{"@type":"SearchAction","target":{"@type":"EntryPoint","urlTemplate":"https:\/\/thestory.ee\/?s={search_term_string}"},"query-input":{"@type":"PropertyValueSpecification","valueRequired":true,"valueName":"search_term_string"}}],"inLanguage":"en-GB"},{"@type":"Organization","@id":"https:\/\/thestory.ee\/#organization","name":"ESTONIAN COFFEE ROASTERY O\u00dc","url":"https:\/\/thestory.ee\/","logo":{"@type":"ImageObject","inLanguage":"en-GB","@id":"https:\/\/thestory.ee\/#\/schema\/logo\/image\/","url":"https:\/\/thestory.ee\/wp-content\/uploads\/2025\/02\/16372152_ESTONIAN-COFFEE-ROASTERY-OU_73499945_a_m.png","contentUrl":"https:\/\/thestory.ee\/wp-content\/uploads\/2025\/02\/16372152_ESTONIAN-COFFEE-ROASTERY-OU_73499945_a_m.png","width":239,"height":239,"caption":"ESTONIAN COFFEE ROASTERY O\u00dc"},"image":{"@id":"https:\/\/thestory.ee\/#\/schema\/logo\/image\/"}}]}},"_links":{"self":[{"href":"https:\/\/thestory.ee\/en\/wp-json\/wp\/v2\/product\/66312","targetHints":{"allow":["GET"]}}],"collection":[{"href":"https:\/\/thestory.ee\/en\/wp-json\/wp\/v2\/product"}],"about":[{"href":"https:\/\/thestory.ee\/en\/wp-json\/wp\/v2\/types\/product"}],"replies":[{"embeddable":true,"href":"https:\/\/thestory.ee\/en\/wp-json\/wp\/v2\/comments?post=66312"}],"wp:featuredmedia":[{"embeddable":true,"href":"https:\/\/thestory.ee\/en\/wp-json\/wp\/v2\/media\/66313"}],"wp:attachment":[{"href":"https:\/\/thestory.ee\/en\/wp-json\/wp\/v2\/media?parent=66312"}],"wp:term":[{"taxonomy":"product_brand","embeddable":true,"href":"https:\/\/thestory.ee\/en\/wp-json\/wp\/v2\/product_brand?post=66312"},{"taxonomy":"product_cat","embeddable":true,"href":"https:\/\/thestory.ee\/en\/wp-json\/wp\/v2\/product_cat?post=66312"},{"taxonomy":"product_tag","embeddable":true,"href":"https:\/\/thestory.ee\/en\/wp-json\/wp\/v2\/product_tag?post=66312"}],"curies":[{"name":"wp","href":"https:\/\/api.w.org\/{rel}","templated":true}]}}