{"id":66317,"date":"2025-06-28T13:35:29","date_gmt":"2025-06-28T10:35:29","guid":{"rendered":"https:\/\/thestory.ee\/?post_type=product&#038;p=66317"},"modified":"2026-03-14T10:02:04","modified_gmt":"2026-03-14T07:02:04","slug":"brazilian-yellow-bourbon-kohvioad","status":"publish","type":"product","link":"https:\/\/thestory.ee\/en\/product\/brazilian-yellow-bourbon-kohvioad\/","title":{"rendered":"The Story Brazilian Yellow Bourbon"},"content":{"rendered":"<p><strong>The Story Brazilian Yellow Bourbon<\/strong><\/p>\n<p>Brazilian Yellow Bourbon kohvioad on k\u00e4sitsi r\u00f6stitud kohv, mis v\u00f5lub oma magusa, pehme ja kreemja maitsega. Tegemist on kohvisorriga, mida hinnatakse just tema \u00fcmber tehtud ja maheda profiili poolest. Kui otsid kohvi, mis ei oleks liiga tume ega m\u00f5ru, kuid pakuks rikkalikku maitset ja elegantset suutunnetust, siis on Yellow Bourbon just sulle.<\/p>\n<p>Selle kohvisegu maitses p\u00f5imuvad mesi, karamell ja p\u00e4hklised toonid, mida toetavad troopilised puuviljad, \u0161okolaad ja kerge tsitruseline j\u00e4relmaitse. Tulemuseks on kohv, mis sobib nautimiseks nii mustalt kui piimaga \u2013 igal juhul j\u00e4\u00e4b j\u00e4rele m\u00f5nus maitsesoojus.<\/p>\n<p>Yellow Bourbon on eriline kohvisort, mille marjad on kollased \u2013 erinevalt Bourboni punastest Bourboni sortidest. See annab ubadele iseloomu magususe ja maheda. Meie r\u00f6stitud versioon keskmise r\u00f6stiga, et tuua esile palju maitsen\u00fcansse, s\u00e4ilitades samas kreemja ja pehme tekstuu<\/p>","protected":false},"excerpt":{"rendered":"<p>The Story Brazilian Yellow Bourbon Brazilian Yellow Bourbon kohvioad on k\u00e4sitsi r\u00f6stitud kohv, mis v\u00f5lub oma magusa, pehme ja kreemja maitsega. Tegemist on kohvisorriga, mida hinnatakse just tema \u00fcmber tehtud ja maheda profiili poolest. Kui otsid kohvi, mis ei oleks liiga tume ega m\u00f5ru, kuid pakuks rikkalikku maitset ja elegantset suutunnetust, siis on Yellow Bourbon [&hellip;]<\/p>\n","protected":false},"featured_media":66318,"comment_status":"open","ping_status":"closed","template":"","meta":[],"product_brand":[],"product_cat":[31],"product_tag":[],"class_list":{"0":"post-66317","1":"product","2":"type-product","3":"status-publish","4":"has-post-thumbnail","6":"product_cat-paritolumaa","8":"first","9":"instock","10":"shipping-taxable","11":"purchasable","12":"product-type-simple"},"yoast_head":"<!-- This site is optimized with the Yoast SEO plugin v27.3 - https:\/\/yoast.com\/product\/yoast-seo-wordpress\/ -->\n<title>Brazilian Yellow Bourbon kohvioad \u2013 pehme ja magus kohv<\/title>\n<meta name=\"description\" content=\"Brazilian Yellow Bourbon kohvioad on pehme, magusa ja kreemja maitsega k\u00e4sit\u00f6\u00f6r\u00f6stitud kohv, mis sobib igaks p\u00e4evaks.\" \/>\n<meta name=\"robots\" content=\"index, follow, max-snippet:-1, max-image-preview:large, max-video-preview:-1\" \/>\n<link rel=\"canonical\" href=\"https:\/\/thestory.ee\/en\/product\/brazilian-yellow-bourbon-kohvioad\/\" \/>\n<meta property=\"og:locale\" content=\"en_GB\" \/>\n<meta property=\"og:type\" content=\"article\" \/>\n<meta property=\"og:title\" content=\"Brazilian Yellow Bourbon kohvioad \u2013 pehme ja magus kohv\" \/>\n<meta property=\"og:description\" content=\"Brazilian Yellow Bourbon kohvioad on pehme, magusa ja kreemja maitsega k\u00e4sit\u00f6\u00f6r\u00f6stitud kohv, mis sobib igaks p\u00e4evaks.\" \/>\n<meta property=\"og:url\" content=\"https:\/\/thestory.ee\/en\/product\/brazilian-yellow-bourbon-kohvioad\/\" \/>\n<meta property=\"og:site_name\" content=\"ESTONIAN COFFEE ROASTERY O\u00dc\" \/>\n<meta property=\"article:modified_time\" content=\"2026-03-14T07:02:04+00:00\" \/>\n<meta property=\"og:image\" content=\"https:\/\/thestory.ee\/wp-content\/uploads\/2025\/06\/STORY-5-scaled.jpg\" \/>\n\t<meta property=\"og:image:width\" content=\"1707\" \/>\n\t<meta property=\"og:image:height\" content=\"2560\" \/>\n\t<meta property=\"og:image:type\" content=\"image\/jpeg\" \/>\n<meta name=\"twitter:card\" content=\"summary_large_image\" \/>\n<meta name=\"twitter:label1\" content=\"Estimated reading time\" \/>\n\t<meta name=\"twitter:data1\" content=\"1 minute\" \/>\n<script type=\"application\/ld+json\" class=\"yoast-schema-graph\">{\"@context\":\"https:\\\/\\\/schema.org\",\"@graph\":[{\"@type\":\"WebPage\",\"@id\":\"https:\\\/\\\/thestory.ee\\\/toode\\\/brazilian-yellow-bourbon-kohvioad\\\/\",\"url\":\"https:\\\/\\\/thestory.ee\\\/toode\\\/brazilian-yellow-bourbon-kohvioad\\\/\",\"name\":\"Brazilian Yellow Bourbon kohvioad \u2013 pehme ja magus kohv\",\"isPartOf\":{\"@id\":\"https:\\\/\\\/thestory.ee\\\/#website\"},\"primaryImageOfPage\":{\"@id\":\"https:\\\/\\\/thestory.ee\\\/toode\\\/brazilian-yellow-bourbon-kohvioad\\\/#primaryimage\"},\"image\":{\"@id\":\"https:\\\/\\\/thestory.ee\\\/toode\\\/brazilian-yellow-bourbon-kohvioad\\\/#primaryimage\"},\"thumbnailUrl\":\"https:\\\/\\\/thestory.ee\\\/wp-content\\\/uploads\\\/2025\\\/06\\\/STORY-5-scaled.jpg\",\"datePublished\":\"2025-06-28T10:35:29+00:00\",\"dateModified\":\"2026-03-14T07:02:04+00:00\",\"description\":\"Brazilian Yellow Bourbon kohvioad on pehme, magusa ja kreemja maitsega k\u00e4sit\u00f6\u00f6r\u00f6stitud kohv, mis sobib igaks p\u00e4evaks.\",\"breadcrumb\":{\"@id\":\"https:\\\/\\\/thestory.ee\\\/toode\\\/brazilian-yellow-bourbon-kohvioad\\\/#breadcrumb\"},\"inLanguage\":\"en-GB\",\"potentialAction\":[{\"@type\":\"ReadAction\",\"target\":[\"https:\\\/\\\/thestory.ee\\\/toode\\\/brazilian-yellow-bourbon-kohvioad\\\/\"]}]},{\"@type\":\"ImageObject\",\"inLanguage\":\"en-GB\",\"@id\":\"https:\\\/\\\/thestory.ee\\\/toode\\\/brazilian-yellow-bourbon-kohvioad\\\/#primaryimage\",\"url\":\"https:\\\/\\\/thestory.ee\\\/wp-content\\\/uploads\\\/2025\\\/06\\\/STORY-5-scaled.jpg\",\"contentUrl\":\"https:\\\/\\\/thestory.ee\\\/wp-content\\\/uploads\\\/2025\\\/06\\\/STORY-5-scaled.jpg\",\"width\":1707,\"height\":2560},{\"@type\":\"BreadcrumbList\",\"@id\":\"https:\\\/\\\/thestory.ee\\\/toode\\\/brazilian-yellow-bourbon-kohvioad\\\/#breadcrumb\",\"itemListElement\":[{\"@type\":\"ListItem\",\"position\":1,\"name\":\"Avaleht\",\"item\":\"https:\\\/\\\/thestory.ee\\\/\"},{\"@type\":\"ListItem\",\"position\":2,\"name\":\"Pood\",\"item\":\"https:\\\/\\\/thestory.ee\\\/pood\\\/\"},{\"@type\":\"ListItem\",\"position\":3,\"name\":\"The Story Brazilian Yellow Bourbon\"}]},{\"@type\":\"WebSite\",\"@id\":\"https:\\\/\\\/thestory.ee\\\/#website\",\"url\":\"https:\\\/\\\/thestory.ee\\\/\",\"name\":\"Teema0\",\"description\":\"R\u00e4nnak rikkalikesse maitsetesse!\",\"publisher\":{\"@id\":\"https:\\\/\\\/thestory.ee\\\/#organization\"},\"potentialAction\":[{\"@type\":\"SearchAction\",\"target\":{\"@type\":\"EntryPoint\",\"urlTemplate\":\"https:\\\/\\\/thestory.ee\\\/?s={search_term_string}\"},\"query-input\":{\"@type\":\"PropertyValueSpecification\",\"valueRequired\":true,\"valueName\":\"search_term_string\"}}],\"inLanguage\":\"en-GB\"},{\"@type\":\"Organization\",\"@id\":\"https:\\\/\\\/thestory.ee\\\/#organization\",\"name\":\"ESTONIAN COFFEE ROASTERY O\u00dc\",\"url\":\"https:\\\/\\\/thestory.ee\\\/\",\"logo\":{\"@type\":\"ImageObject\",\"inLanguage\":\"en-GB\",\"@id\":\"https:\\\/\\\/thestory.ee\\\/#\\\/schema\\\/logo\\\/image\\\/\",\"url\":\"https:\\\/\\\/thestory.ee\\\/wp-content\\\/uploads\\\/2025\\\/02\\\/16372152_ESTONIAN-COFFEE-ROASTERY-OU_73499945_a_m.png\",\"contentUrl\":\"https:\\\/\\\/thestory.ee\\\/wp-content\\\/uploads\\\/2025\\\/02\\\/16372152_ESTONIAN-COFFEE-ROASTERY-OU_73499945_a_m.png\",\"width\":239,\"height\":239,\"caption\":\"ESTONIAN COFFEE ROASTERY O\u00dc\"},\"image\":{\"@id\":\"https:\\\/\\\/thestory.ee\\\/#\\\/schema\\\/logo\\\/image\\\/\"}}]}<\/script>\n<!-- \/ Yoast SEO plugin. -->","yoast_head_json":{"title":"Brazilian Yellow Bourbon kohvioad \u2013 pehme ja magus kohv","description":"Brazilian Yellow Bourbon kohvioad on pehme, magusa ja kreemja maitsega k\u00e4sit\u00f6\u00f6r\u00f6stitud kohv, mis sobib igaks p\u00e4evaks.","robots":{"index":"index","follow":"follow","max-snippet":"max-snippet:-1","max-image-preview":"max-image-preview:large","max-video-preview":"max-video-preview:-1"},"canonical":"https:\/\/thestory.ee\/en\/product\/brazilian-yellow-bourbon-kohvioad\/","og_locale":"en_GB","og_type":"article","og_title":"Brazilian Yellow Bourbon kohvioad \u2013 pehme ja magus kohv","og_description":"Brazilian Yellow Bourbon kohvioad on pehme, magusa ja kreemja maitsega k\u00e4sit\u00f6\u00f6r\u00f6stitud kohv, mis sobib igaks p\u00e4evaks.","og_url":"https:\/\/thestory.ee\/en\/product\/brazilian-yellow-bourbon-kohvioad\/","og_site_name":"ESTONIAN COFFEE ROASTERY O\u00dc","article_modified_time":"2026-03-14T07:02:04+00:00","og_image":[{"width":1707,"height":2560,"url":"https:\/\/thestory.ee\/wp-content\/uploads\/2025\/06\/STORY-5-scaled.jpg","type":"image\/jpeg"}],"twitter_card":"summary_large_image","twitter_misc":{"Estimated reading time":"1 minute"},"schema":{"@context":"https:\/\/schema.org","@graph":[{"@type":"WebPage","@id":"https:\/\/thestory.ee\/toode\/brazilian-yellow-bourbon-kohvioad\/","url":"https:\/\/thestory.ee\/toode\/brazilian-yellow-bourbon-kohvioad\/","name":"Brazilian Yellow Bourbon kohvioad \u2013 pehme ja magus kohv","isPartOf":{"@id":"https:\/\/thestory.ee\/#website"},"primaryImageOfPage":{"@id":"https:\/\/thestory.ee\/toode\/brazilian-yellow-bourbon-kohvioad\/#primaryimage"},"image":{"@id":"https:\/\/thestory.ee\/toode\/brazilian-yellow-bourbon-kohvioad\/#primaryimage"},"thumbnailUrl":"https:\/\/thestory.ee\/wp-content\/uploads\/2025\/06\/STORY-5-scaled.jpg","datePublished":"2025-06-28T10:35:29+00:00","dateModified":"2026-03-14T07:02:04+00:00","description":"Brazilian Yellow Bourbon kohvioad on pehme, magusa ja kreemja maitsega k\u00e4sit\u00f6\u00f6r\u00f6stitud kohv, mis sobib igaks p\u00e4evaks.","breadcrumb":{"@id":"https:\/\/thestory.ee\/toode\/brazilian-yellow-bourbon-kohvioad\/#breadcrumb"},"inLanguage":"en-GB","potentialAction":[{"@type":"ReadAction","target":["https:\/\/thestory.ee\/toode\/brazilian-yellow-bourbon-kohvioad\/"]}]},{"@type":"ImageObject","inLanguage":"en-GB","@id":"https:\/\/thestory.ee\/toode\/brazilian-yellow-bourbon-kohvioad\/#primaryimage","url":"https:\/\/thestory.ee\/wp-content\/uploads\/2025\/06\/STORY-5-scaled.jpg","contentUrl":"https:\/\/thestory.ee\/wp-content\/uploads\/2025\/06\/STORY-5-scaled.jpg","width":1707,"height":2560},{"@type":"BreadcrumbList","@id":"https:\/\/thestory.ee\/toode\/brazilian-yellow-bourbon-kohvioad\/#breadcrumb","itemListElement":[{"@type":"ListItem","position":1,"name":"Avaleht","item":"https:\/\/thestory.ee\/"},{"@type":"ListItem","position":2,"name":"Pood","item":"https:\/\/thestory.ee\/pood\/"},{"@type":"ListItem","position":3,"name":"The Story Brazilian Yellow Bourbon"}]},{"@type":"WebSite","@id":"https:\/\/thestory.ee\/#website","url":"https:\/\/thestory.ee\/","name":"Teema0","description":"R\u00e4nnak rikkalikesse maitsetesse!","publisher":{"@id":"https:\/\/thestory.ee\/#organization"},"potentialAction":[{"@type":"SearchAction","target":{"@type":"EntryPoint","urlTemplate":"https:\/\/thestory.ee\/?s={search_term_string}"},"query-input":{"@type":"PropertyValueSpecification","valueRequired":true,"valueName":"search_term_string"}}],"inLanguage":"en-GB"},{"@type":"Organization","@id":"https:\/\/thestory.ee\/#organization","name":"ESTONIAN COFFEE ROASTERY O\u00dc","url":"https:\/\/thestory.ee\/","logo":{"@type":"ImageObject","inLanguage":"en-GB","@id":"https:\/\/thestory.ee\/#\/schema\/logo\/image\/","url":"https:\/\/thestory.ee\/wp-content\/uploads\/2025\/02\/16372152_ESTONIAN-COFFEE-ROASTERY-OU_73499945_a_m.png","contentUrl":"https:\/\/thestory.ee\/wp-content\/uploads\/2025\/02\/16372152_ESTONIAN-COFFEE-ROASTERY-OU_73499945_a_m.png","width":239,"height":239,"caption":"ESTONIAN COFFEE ROASTERY O\u00dc"},"image":{"@id":"https:\/\/thestory.ee\/#\/schema\/logo\/image\/"}}]}},"_links":{"self":[{"href":"https:\/\/thestory.ee\/en\/wp-json\/wp\/v2\/product\/66317","targetHints":{"allow":["GET"]}}],"collection":[{"href":"https:\/\/thestory.ee\/en\/wp-json\/wp\/v2\/product"}],"about":[{"href":"https:\/\/thestory.ee\/en\/wp-json\/wp\/v2\/types\/product"}],"replies":[{"embeddable":true,"href":"https:\/\/thestory.ee\/en\/wp-json\/wp\/v2\/comments?post=66317"}],"wp:featuredmedia":[{"embeddable":true,"href":"https:\/\/thestory.ee\/en\/wp-json\/wp\/v2\/media\/66318"}],"wp:attachment":[{"href":"https:\/\/thestory.ee\/en\/wp-json\/wp\/v2\/media?parent=66317"}],"wp:term":[{"taxonomy":"product_brand","embeddable":true,"href":"https:\/\/thestory.ee\/en\/wp-json\/wp\/v2\/product_brand?post=66317"},{"taxonomy":"product_cat","embeddable":true,"href":"https:\/\/thestory.ee\/en\/wp-json\/wp\/v2\/product_cat?post=66317"},{"taxonomy":"product_tag","embeddable":true,"href":"https:\/\/thestory.ee\/en\/wp-json\/wp\/v2\/product_tag?post=66317"}],"curies":[{"name":"wp","href":"https:\/\/api.w.org\/{rel}","templated":true}]}}